{"id":72,"date":"2023-06-02T12:16:56","date_gmt":"2023-06-02T10:16:56","guid":{"rendered":"https:\/\/www.aubergeduchoucas.com\/?page_id=72"},"modified":"2023-10-25T11:16:59","modified_gmt":"2023-10-25T09:16:59","slug":"recensioni-dei-clienti","status":"publish","type":"page","link":"https:\/\/www.aubergeduchoucas.com\/it\/recensioni-dei-clienti\/","title":{"rendered":"Recensioni dei clienti"},"content":{"rendered":"<div data-elementor-type=\"wp-page\" data-elementor-id=\"72\" class=\"elementor elementor-72\" data-elementor-post-type=\"page\">\n\t\t\t\t<div class=\"elementor-element elementor-element-62998c5 e-con-full e-flex e-con e-parent\" data-id=\"62998c5\" data-element_type=\"container\" id=\"top\" data-settings=\"{&quot;background_background&quot;:&quot;classic&quot;}\">\n\t\t\t\t<div class=\"elementor-element elementor-element-2f83062 elementor-widget elementor-widget-heading\" data-id=\"2f83062\" data-element_type=\"widget\" data-widget_type=\"heading.default\">\n\t\t\t\t<div class=\"elementor-widget-container\">\n\t\t\t\t\t<h1 class=\"elementor-heading-title elementor-size-default\">Recensioni dei clienti<\/h1>\t\t\t\t<\/div>\n\t\t\t\t<\/div>\n\t\t\t\t<\/div>\n\t\t<div class=\"elementor-element elementor-element-61a954f e-flex e-con-boxed e-con e-parent\" data-id=\"61a954f\" data-element_type=\"container\">\n\t\t\t\t\t<div class=\"e-con-inner\">\n\t\t<div class=\"elementor-element elementor-element-b685e0a e-flex e-con-boxed e-con e-child\" data-id=\"b685e0a\" data-element_type=\"container\">\n\t\t\t\t\t<div class=\"e-con-inner\">\n\t\t\t\t<div class=\"elementor-element elementor-element-8692503 elementor-widget elementor-widget-text-editor\" data-id=\"8692503\" data-element_type=\"widget\" data-widget_type=\"text-editor.default\">\n\t\t\t\t<div class=\"elementor-widget-container\">\n\t\t\t\t\t\t\t\t\t<div class=\"text\"><p>Scoprite cosa dicono i nostri ospiti di noi e del loro soggiorno all'Auberge du Choucas.<\/p><\/div>\t\t\t\t\t\t\t\t<\/div>\n\t\t\t\t<\/div>\n\t\t\t\t\t<\/div>\n\t\t\t\t<\/div>\n\t\t\t\t\t<\/div>\n\t\t\t\t<\/div>\n\t\t<div class=\"elementor-element elementor-element-4b9a554 e-con-full e-flex e-con e-parent\" data-id=\"4b9a554\" data-element_type=\"container\" id=\"first-content\">\n\t\t<div class=\"elementor-element elementor-element-c1594f4 e-flex e-con-boxed e-con e-child\" data-id=\"c1594f4\" data-element_type=\"container\">\n\t\t\t\t\t<div class=\"e-con-inner\">\n\t\t<div class=\"elementor-element elementor-element-3f74709 e-con-full e-flex e-con e-child\" data-id=\"3f74709\" data-element_type=\"container\">\n\t\t\t\t<div class=\"elementor-element elementor-element-7685c80 gallery-spacing-custom elementor-widget elementor-widget-image-gallery\" data-id=\"7685c80\" data-element_type=\"widget\" data-widget_type=\"image-gallery.default\">\n\t\t\t\t<div class=\"elementor-widget-container\">\n\t\t\t\t\t\t\t<div class=\"elementor-image-gallery\">\n\t\t\t<div id='gallery-1' class='gallery galleryid-72 gallery-columns-3 gallery-size-full'><figure class='gallery-item'>\n\t\t\t<div class='gallery-icon portrait'>\n\t\t\t\t<a data-elementor-open-lightbox=\"yes\" data-elementor-lightbox-slideshow=\"7685c80\" data-elementor-lightbox-title=\"09-22-2023-Fri_650dabcadc822_Eliophot\" data-e-action-hash=\"#elementor-action%3Aaction%3Dlightbox%26settings%3DeyJpZCI6NDEwNSwidXJsIjoiaHR0cHM6XC9cL3d3dy5hdWJlcmdlZHVjaG91Y2FzLmNvbVwvd3AtY29udGVudFwvdXBsb2Fkc1wvMjAyM1wvMTBcLzA5LTIyLTIwMjMtRnJpXzY1MGRhYmNhZGM4MjJfRWxpb3Bob3QuanBlZyIsInNsaWRlc2hvdyI6Ijc2ODVjODAifQ%3D%3D\" href='https:\/\/www.aubergeduchoucas.com\/wp-content\/uploads\/2023\/10\/09-22-2023-Fri_650dabcadc822_Eliophot.jpeg'><img fetchpriority=\"high\" decoding=\"async\" width=\"510\" height=\"720\" src=\"https:\/\/www.aubergeduchoucas.com\/wp-content\/uploads\/2023\/10\/09-22-2023-Fri_650dabcadc822_Eliophot.jpeg\" class=\"attachment-full size-full\" alt=\"\" srcset=\"https:\/\/www.aubergeduchoucas.com\/wp-content\/uploads\/2023\/10\/09-22-2023-Fri_650dabcadc822_Eliophot.jpeg 510w, https:\/\/www.aubergeduchoucas.com\/wp-content\/uploads\/2023\/10\/09-22-2023-Fri_650dabcadc822_Eliophot-213x300.jpeg 213w, https:\/\/www.aubergeduchoucas.com\/wp-content\/uploads\/2023\/10\/09-22-2023-Fri_650dabcadc822_Eliophot-9x12.jpeg 9w\" sizes=\"(max-width: 510px) 100vw, 510px\" title=\"\"><\/a>\n\t\t\t<\/div><\/figure><figure class='gallery-item'>\n\t\t\t<div class='gallery-icon portrait'>\n\t\t\t\t<a data-elementor-open-lightbox=\"yes\" data-elementor-lightbox-slideshow=\"7685c80\" data-elementor-lightbox-title=\"09-22-2023-Fri_650d44ac4f99e_Eliophot\" data-e-action-hash=\"#elementor-action%3Aaction%3Dlightbox%26settings%3DeyJpZCI6NDEwMiwidXJsIjoiaHR0cHM6XC9cL3d3dy5hdWJlcmdlZHVjaG91Y2FzLmNvbVwvd3AtY29udGVudFwvdXBsb2Fkc1wvMjAyM1wvMTBcLzA5LTIyLTIwMjMtRnJpXzY1MGQ0NGFjNGY5OWVfRWxpb3Bob3QuanBlZyIsInNsaWRlc2hvdyI6Ijc2ODVjODAifQ%3D%3D\" href='https:\/\/www.aubergeduchoucas.com\/wp-content\/uploads\/2023\/10\/09-22-2023-Fri_650d44ac4f99e_Eliophot.jpeg'><img decoding=\"async\" width=\"510\" height=\"720\" src=\"https:\/\/www.aubergeduchoucas.com\/wp-content\/uploads\/2023\/10\/09-22-2023-Fri_650d44ac4f99e_Eliophot.jpeg\" class=\"attachment-full size-full\" alt=\"\" srcset=\"https:\/\/www.aubergeduchoucas.com\/wp-content\/uploads\/2023\/10\/09-22-2023-Fri_650d44ac4f99e_Eliophot.jpeg 510w, https:\/\/www.aubergeduchoucas.com\/wp-content\/uploads\/2023\/10\/09-22-2023-Fri_650d44ac4f99e_Eliophot-213x300.jpeg 213w, https:\/\/www.aubergeduchoucas.com\/wp-content\/uploads\/2023\/10\/09-22-2023-Fri_650d44ac4f99e_Eliophot-9x12.jpeg 9w\" sizes=\"(max-width: 510px) 100vw, 510px\" title=\"\"><\/a>\n\t\t\t<\/div><\/figure><figure class='gallery-item'>\n\t\t\t<div class='gallery-icon portrait'>\n\t\t\t\t<a data-elementor-open-lightbox=\"yes\" data-elementor-lightbox-slideshow=\"7685c80\" data-elementor-lightbox-title=\"09-22-2023-Fri_650d44ad8f7a2_Eliophot\" data-e-action-hash=\"#elementor-action%3Aaction%3Dlightbox%26settings%3DeyJpZCI6NDEwMywidXJsIjoiaHR0cHM6XC9cL3d3dy5hdWJlcmdlZHVjaG91Y2FzLmNvbVwvd3AtY29udGVudFwvdXBsb2Fkc1wvMjAyM1wvMTBcLzA5LTIyLTIwMjMtRnJpXzY1MGQ0NGFkOGY3YTJfRWxpb3Bob3QuanBlZyIsInNsaWRlc2hvdyI6Ijc2ODVjODAifQ%3D%3D\" href='https:\/\/www.aubergeduchoucas.com\/wp-content\/uploads\/2023\/10\/09-22-2023-Fri_650d44ad8f7a2_Eliophot.jpeg'><img decoding=\"async\" width=\"510\" height=\"720\" src=\"https:\/\/www.aubergeduchoucas.com\/wp-content\/uploads\/2023\/10\/09-22-2023-Fri_650d44ad8f7a2_Eliophot.jpeg\" class=\"attachment-full size-full\" alt=\"\" srcset=\"https:\/\/www.aubergeduchoucas.com\/wp-content\/uploads\/2023\/10\/09-22-2023-Fri_650d44ad8f7a2_Eliophot.jpeg 510w, https:\/\/www.aubergeduchoucas.com\/wp-content\/uploads\/2023\/10\/09-22-2023-Fri_650d44ad8f7a2_Eliophot-213x300.jpeg 213w, https:\/\/www.aubergeduchoucas.com\/wp-content\/uploads\/2023\/10\/09-22-2023-Fri_650d44ad8f7a2_Eliophot-9x12.jpeg 9w\" sizes=\"(max-width: 510px) 100vw, 510px\" title=\"\"><\/a>\n\t\t\t<\/div><\/figure><figure class='gallery-item'>\n\t\t\t<div class='gallery-icon portrait'>\n\t\t\t\t<a data-elementor-open-lightbox=\"yes\" data-elementor-lightbox-slideshow=\"7685c80\" data-elementor-lightbox-title=\"09-22-2023-Fri_650d44a7bf6f4_Eliophot\" data-e-action-hash=\"#elementor-action%3Aaction%3Dlightbox%26settings%3DeyJpZCI6NDA5OSwidXJsIjoiaHR0cHM6XC9cL3d3dy5hdWJlcmdlZHVjaG91Y2FzLmNvbVwvd3AtY29udGVudFwvdXBsb2Fkc1wvMjAyM1wvMTBcLzA5LTIyLTIwMjMtRnJpXzY1MGQ0NGE3YmY2ZjRfRWxpb3Bob3QuanBlZyIsInNsaWRlc2hvdyI6Ijc2ODVjODAifQ%3D%3D\" href='https:\/\/www.aubergeduchoucas.com\/wp-content\/uploads\/2023\/10\/09-22-2023-Fri_650d44a7bf6f4_Eliophot.jpeg'><img loading=\"lazy\" decoding=\"async\" width=\"510\" height=\"720\" src=\"https:\/\/www.aubergeduchoucas.com\/wp-content\/uploads\/2023\/10\/09-22-2023-Fri_650d44a7bf6f4_Eliophot.jpeg\" class=\"attachment-full size-full\" alt=\"\" srcset=\"https:\/\/www.aubergeduchoucas.com\/wp-content\/uploads\/2023\/10\/09-22-2023-Fri_650d44a7bf6f4_Eliophot.jpeg 510w, https:\/\/www.aubergeduchoucas.com\/wp-content\/uploads\/2023\/10\/09-22-2023-Fri_650d44a7bf6f4_Eliophot-213x300.jpeg 213w, https:\/\/www.aubergeduchoucas.com\/wp-content\/uploads\/2023\/10\/09-22-2023-Fri_650d44a7bf6f4_Eliophot-9x12.jpeg 9w\" sizes=\"(max-width: 510px) 100vw, 510px\" title=\"\"><\/a>\n\t\t\t<\/div><\/figure><figure class='gallery-item'>\n\t\t\t<div class='gallery-icon portrait'>\n\t\t\t\t<a data-elementor-open-lightbox=\"yes\" data-elementor-lightbox-slideshow=\"7685c80\" data-elementor-lightbox-title=\"09-22-2023-Fri_650d44a627636_Eliophot\" data-e-action-hash=\"#elementor-action%3Aaction%3Dlightbox%26settings%3DeyJpZCI6NDEwMCwidXJsIjoiaHR0cHM6XC9cL3d3dy5hdWJlcmdlZHVjaG91Y2FzLmNvbVwvd3AtY29udGVudFwvdXBsb2Fkc1wvMjAyM1wvMTBcLzA5LTIyLTIwMjMtRnJpXzY1MGQ0NGE2Mjc2MzZfRWxpb3Bob3QuanBlZyIsInNsaWRlc2hvdyI6Ijc2ODVjODAifQ%3D%3D\" href='https:\/\/www.aubergeduchoucas.com\/wp-content\/uploads\/2023\/10\/09-22-2023-Fri_650d44a627636_Eliophot.jpeg'><img loading=\"lazy\" decoding=\"async\" width=\"510\" height=\"720\" src=\"https:\/\/www.aubergeduchoucas.com\/wp-content\/uploads\/2023\/10\/09-22-2023-Fri_650d44a627636_Eliophot.jpeg\" class=\"attachment-full size-full\" alt=\"\" srcset=\"https:\/\/www.aubergeduchoucas.com\/wp-content\/uploads\/2023\/10\/09-22-2023-Fri_650d44a627636_Eliophot.jpeg 510w, https:\/\/www.aubergeduchoucas.com\/wp-content\/uploads\/2023\/10\/09-22-2023-Fri_650d44a627636_Eliophot-213x300.jpeg 213w, https:\/\/www.aubergeduchoucas.com\/wp-content\/uploads\/2023\/10\/09-22-2023-Fri_650d44a627636_Eliophot-9x12.jpeg 9w\" sizes=\"(max-width: 510px) 100vw, 510px\" title=\"\"><\/a>\n\t\t\t<\/div><\/figure><figure class='gallery-item'>\n\t\t\t<div class='gallery-icon portrait'>\n\t\t\t\t<a data-elementor-open-lightbox=\"yes\" data-elementor-lightbox-slideshow=\"7685c80\" data-elementor-lightbox-title=\"09-22-2023-Fri_650d44aabd5a6_Eliophot\" data-e-action-hash=\"#elementor-action%3Aaction%3Dlightbox%26settings%3DeyJpZCI6NDEwMSwidXJsIjoiaHR0cHM6XC9cL3d3dy5hdWJlcmdlZHVjaG91Y2FzLmNvbVwvd3AtY29udGVudFwvdXBsb2Fkc1wvMjAyM1wvMTBcLzA5LTIyLTIwMjMtRnJpXzY1MGQ0NGFhYmQ1YTZfRWxpb3Bob3QuanBlZyIsInNsaWRlc2hvdyI6Ijc2ODVjODAifQ%3D%3D\" href='https:\/\/www.aubergeduchoucas.com\/wp-content\/uploads\/2023\/10\/09-22-2023-Fri_650d44aabd5a6_Eliophot.jpeg'><img loading=\"lazy\" decoding=\"async\" width=\"510\" height=\"720\" src=\"https:\/\/www.aubergeduchoucas.com\/wp-content\/uploads\/2023\/10\/09-22-2023-Fri_650d44aabd5a6_Eliophot.jpeg\" class=\"attachment-full size-full\" alt=\"\" srcset=\"https:\/\/www.aubergeduchoucas.com\/wp-content\/uploads\/2023\/10\/09-22-2023-Fri_650d44aabd5a6_Eliophot.jpeg 510w, https:\/\/www.aubergeduchoucas.com\/wp-content\/uploads\/2023\/10\/09-22-2023-Fri_650d44aabd5a6_Eliophot-213x300.jpeg 213w, https:\/\/www.aubergeduchoucas.com\/wp-content\/uploads\/2023\/10\/09-22-2023-Fri_650d44aabd5a6_Eliophot-9x12.jpeg 9w\" sizes=\"(max-width: 510px) 100vw, 510px\" title=\"\"><\/a>\n\t\t\t<\/div><\/figure>\n\t\t<\/div>\n\t\t<\/div>\n\t\t\t\t\t\t<\/div>\n\t\t\t\t<\/div>\n\t\t\t\t<\/div>\n\t\t\t\t\t<\/div>\n\t\t\t\t<\/div>\n\t\t\t\t<\/div>\n\t\t\t\t<\/div>","protected":false},"excerpt":{"rendered":"<p>Avis Clients D\u00e9couvrez ce que nos clients pensent de nous et de leur s\u00e9jour au sein de notre \u00e9tablissement \u00e0 l&rsquo;Auberge du Choucas.<\/p>","protected":false},"author":7,"featured_media":0,"parent":0,"menu_order":0,"comment_status":"closed","ping_status":"closed","template":"","meta":{"inline_featured_image":false,"footnotes":""},"class_list":["post-72","page","type-page","status-publish","hentry"],"_links":{"self":[{"href":"https:\/\/www.aubergeduchoucas.com\/it\/wp-json\/wp\/v2\/pages\/72","targetHints":{"allow":["GET"]}}],"collection":[{"href":"https:\/\/www.aubergeduchoucas.com\/it\/wp-json\/wp\/v2\/pages"}],"about":[{"href":"https:\/\/www.aubergeduchoucas.com\/it\/wp-json\/wp\/v2\/types\/page"}],"author":[{"embeddable":true,"href":"https:\/\/www.aubergeduchoucas.com\/it\/wp-json\/wp\/v2\/users\/7"}],"replies":[{"embeddable":true,"href":"https:\/\/www.aubergeduchoucas.com\/it\/wp-json\/wp\/v2\/comments?post=72"}],"version-history":[{"count":260,"href":"https:\/\/www.aubergeduchoucas.com\/it\/wp-json\/wp\/v2\/pages\/72\/revisions"}],"predecessor-version":[{"id":4395,"href":"https:\/\/www.aubergeduchoucas.com\/it\/wp-json\/wp\/v2\/pages\/72\/revisions\/4395"}],"wp:attachment":[{"href":"https:\/\/www.aubergeduchoucas.com\/it\/wp-json\/wp\/v2\/media?parent=72"}],"curies":[{"name":"wp","href":"https:\/\/api.w.org\/{rel}","templated":true}]}}