{"id":65,"date":"2023-06-02T12:14:06","date_gmt":"2023-06-02T10:14:06","guid":{"rendered":"https:\/\/www.aubergeduchoucas.com\/?page_id=65"},"modified":"2025-01-22T15:18:22","modified_gmt":"2025-01-22T14:18:22","slug":"attivita","status":"publish","type":"page","link":"https:\/\/www.aubergeduchoucas.com\/it\/attivita\/","title":{"rendered":"Attivit\u00e0"},"content":{"rendered":"<div data-elementor-type=\"wp-page\" data-elementor-id=\"65\" class=\"elementor elementor-65\" data-elementor-post-type=\"page\">\n\t\t\t\t<div class=\"elementor-element elementor-element-0607392 e-con-full e-flex e-con e-parent\" data-id=\"0607392\" data-element_type=\"container\" id=\"top\" data-settings=\"{&quot;background_background&quot;:&quot;classic&quot;}\">\n\t\t\t\t<div class=\"elementor-element elementor-element-c89cb80 elementor-widget elementor-widget-heading\" data-id=\"c89cb80\" data-element_type=\"widget\" data-widget_type=\"heading.default\">\n\t\t\t\t<div class=\"elementor-widget-container\">\n\t\t\t\t\t<h1 class=\"elementor-heading-title elementor-size-default\">Attivit\u00e0<\/h1>\t\t\t\t<\/div>\n\t\t\t\t<\/div>\n\t\t\t\t<\/div>\n\t\t<div class=\"elementor-element elementor-element-6c20ddd e-flex e-con-boxed e-con e-parent\" data-id=\"6c20ddd\" data-element_type=\"container\">\n\t\t\t\t\t<div class=\"e-con-inner\">\n\t\t<div class=\"elementor-element elementor-element-b384b63 e-flex e-con-boxed e-con e-child\" data-id=\"b384b63\" data-element_type=\"container\" data-settings=\"{&quot;background_background&quot;:&quot;classic&quot;}\">\n\t\t\t\t\t<div class=\"e-con-inner\">\n\t\t<div class=\"elementor-element elementor-element-fe24751 e-con-full e-flex e-con e-child\" data-id=\"fe24751\" data-element_type=\"container\">\n\t\t<div class=\"elementor-element elementor-element-02439e9 e-con-full e-flex e-con e-child\" data-id=\"02439e9\" data-element_type=\"container\">\n\t\t\t\t<div class=\"elementor-element elementor-element-5f892f4 elementor-widget elementor-widget-heading\" data-id=\"5f892f4\" data-element_type=\"widget\" data-widget_type=\"heading.default\">\n\t\t\t\t<div class=\"elementor-widget-container\">\n\t\t\t\t\t<h3 class=\"elementor-heading-title elementor-size-default\">Le Mon\u00eatier-Les-Bains<\/h3>\t\t\t\t<\/div>\n\t\t\t\t<\/div>\n\t\t\t\t<div class=\"elementor-element elementor-element-ba15f1c elementor-widget elementor-widget-text-editor\" data-id=\"ba15f1c\" data-element_type=\"widget\" data-widget_type=\"text-editor.default\">\n\t\t\t\t<div class=\"elementor-widget-container\">\n\t\t\t\t\t\t\t\t\t<p>Il fascino di un autentico villaggio delle Haute-Alpes che ha conservato la sua architettura, le sue tradizioni e la sua tranquillit\u00e0, dove \u00e8 bello vivere, respirare l'aria straordinariamente pura del Brian\u00e7onnais e fare il pieno di energia ai Grands Bains Thermaux (4.500 m\u00b2 dedicati al relax: bagni di acqua calda naturale con principi attivi (44\u00b0c), SPA, salone di bellezza) situati a 200 m dall'Auberge du Choucas. Bus navetta per le piste da sci, a 450 m dall'Auberge, a 30 m.<\/p>\t\t\t\t\t\t\t\t<\/div>\n\t\t\t\t<\/div>\n\t\t\t\t<\/div>\n\t\t\t\t<\/div>\n\t\t<div class=\"elementor-element elementor-element-d38f1c6 e-con-full e-flex e-con e-child\" data-id=\"d38f1c6\" data-element_type=\"container\" data-settings=\"{&quot;background_background&quot;:&quot;classic&quot;}\">\n\t\t\t\t<\/div>\n\t\t\t\t\t<\/div>\n\t\t\t\t<\/div>\n\t\t\t\t\t<\/div>\n\t\t\t\t<\/div>\n\t\t<div class=\"elementor-element elementor-element-625f77d e-flex e-con-boxed e-con e-parent\" data-id=\"625f77d\" data-element_type=\"container\">\n\t\t\t\t\t<div class=\"e-con-inner\">\n\t\t<div class=\"elementor-element elementor-element-f837b45 e-flex e-con-boxed e-con e-child\" data-id=\"f837b45\" data-element_type=\"container\" data-settings=\"{&quot;background_background&quot;:&quot;classic&quot;}\">\n\t\t\t\t\t<div class=\"e-con-inner\">\n\t\t<div class=\"elementor-element elementor-element-61f8089 e-con-full e-flex e-con e-child\" data-id=\"61f8089\" data-element_type=\"container\" data-settings=\"{&quot;background_background&quot;:&quot;classic&quot;}\">\n\t\t\t\t<\/div>\n\t\t<div class=\"elementor-element elementor-element-e8ce8ce e-con-full e-flex e-con e-child\" data-id=\"e8ce8ce\" data-element_type=\"container\">\n\t\t<div class=\"elementor-element elementor-element-470228a e-con-full e-flex e-con e-child\" data-id=\"470228a\" data-element_type=\"container\">\n\t\t\t\t<div class=\"elementor-element elementor-element-40b103d elementor-widget elementor-widget-heading\" data-id=\"40b103d\" data-element_type=\"widget\" data-widget_type=\"heading.default\">\n\t\t\t\t<div class=\"elementor-widget-container\">\n\t\t\t\t\t<h3 class=\"elementor-heading-title elementor-size-default\">Serre-Chevalier-Vall\u00e9e<\/h3>\t\t\t\t<\/div>\n\t\t\t\t<\/div>\n\t\t\t\t<div class=\"elementor-element elementor-element-68b60ed elementor-widget elementor-widget-text-editor\" data-id=\"68b60ed\" data-element_type=\"widget\" data-widget_type=\"text-editor.default\">\n\t\t\t\t<div class=\"elementor-widget-container\">\n\t\t\t\t\t\t\t\t\t<p>Il comprensorio sciistico di Serre-Chevalier Vall\u00e9e, uno dei pi\u00f9 grandi d'Europa, comprende quattro localit\u00e0 ai margini delle montagne degli Ecrins. Offre 250 km di piste, a un'altitudine compresa tra 1.200 e 2.830 metri. Dalla foresta alle coombe segrete, dai couloir ai grandi campi di neve fresca, ce n'\u00e8 per tutti i gusti e per tutti i livelli! Al confine tra le Alpi del Nord e la Savoia, nel cuore delle Grandes Alpes, l'area di Serre-Chevalier \u00e8 una montagna magica, con tredici villaggi e borghi autentici disseminati ai margini del Parco Nazionale degli Ecrins, alle porte della selvaggia regione di Oisans. Qui potrete praticare un'ampia gamma di sport invernali ed estivi: sci alpino, sci alpinismo, sci di fondo, escursioni in media e alta montagna, arrampicata, parapendio, ciclismo e mountain bike, sport acquatici, equitazione, tennis, pesca...<\/p>\t\t\t\t\t\t\t\t<\/div>\n\t\t\t\t<\/div>\n\t\t\t\t<\/div>\n\t\t\t\t<\/div>\n\t\t\t\t\t<\/div>\n\t\t\t\t<\/div>\n\t\t\t\t\t<\/div>\n\t\t\t\t<\/div>\n\t\t<div class=\"elementor-element elementor-element-8e2eb36 e-flex e-con-boxed e-con e-parent\" data-id=\"8e2eb36\" data-element_type=\"container\">\n\t\t\t\t\t<div class=\"e-con-inner\">\n\t\t<div class=\"elementor-element elementor-element-b03716c e-flex e-con-boxed e-con e-child\" data-id=\"b03716c\" data-element_type=\"container\" data-settings=\"{&quot;background_background&quot;:&quot;classic&quot;}\">\n\t\t\t\t\t<div class=\"e-con-inner\">\n\t\t<div class=\"elementor-element elementor-element-bc79110 e-con-full e-flex e-con e-child\" data-id=\"bc79110\" data-element_type=\"container\">\n\t\t<div class=\"elementor-element elementor-element-38cc3e6 e-con-full e-flex e-con e-child\" data-id=\"38cc3e6\" data-element_type=\"container\">\n\t\t\t\t<div class=\"elementor-element elementor-element-c7fff08 elementor-widget elementor-widget-heading\" data-id=\"c7fff08\" data-element_type=\"widget\" data-widget_type=\"heading.default\">\n\t\t\t\t<div class=\"elementor-widget-container\">\n\t\t\t\t\t<h3 class=\"elementor-heading-title elementor-size-default\">Brian\u00e7on<\/h3>\t\t\t\t<\/div>\n\t\t\t\t<\/div>\n\t\t\t\t<div class=\"elementor-element elementor-element-af023ca elementor-widget elementor-widget-text-editor\" data-id=\"af023ca\" data-element_type=\"widget\" data-widget_type=\"text-editor.default\">\n\t\t\t\t<div class=\"elementor-widget-container\">\n\t\t\t\t\t\t\t\t\t<p>\"\u00c8 la citt\u00e0 pi\u00f9 alta d'Europa (1.326 m). Citt\u00e0 d'arte e di storia\" iscritta al Patrimonio mondiale dell'UNESCO, mostra con orgoglio le fortificazioni e le opere del genio Vauban, che le conferiscono l'aspetto di un gioiello in una cornice di montagne che si ergono intorno a lei \"come bianchi imperatori\". Dominata dalla sua cittadella, conserva l'aspetto che aveva sotto Luigi XIV, con le sue strade strette e i suoi gargoyle. Le sue facciate colorate e le terrazze dei caff\u00e8 le conferiscono un'atmosfera contemporanea e meridionale, molto ricercata dai turisti di tutto il mondo! Un casin\u00f2 arricchisce la sua vocazione artistica.<\/p>\t\t\t\t\t\t\t\t<\/div>\n\t\t\t\t<\/div>\n\t\t\t\t<\/div>\n\t\t\t\t<\/div>\n\t\t<div class=\"elementor-element elementor-element-ce4c334 e-con-full e-flex e-con e-child\" data-id=\"ce4c334\" data-element_type=\"container\" data-settings=\"{&quot;background_background&quot;:&quot;classic&quot;}\">\n\t\t\t\t<\/div>\n\t\t\t\t\t<\/div>\n\t\t\t\t<\/div>\n\t\t\t\t\t<\/div>\n\t\t\t\t<\/div>\n\t\t<div class=\"elementor-element elementor-element-197dedd e-flex e-con-boxed e-con e-parent\" data-id=\"197dedd\" data-element_type=\"container\">\n\t\t\t\t\t<div class=\"e-con-inner\">\n\t\t<div class=\"elementor-element elementor-element-fbe4296 e-flex e-con-boxed e-con e-child\" data-id=\"fbe4296\" data-element_type=\"container\" data-settings=\"{&quot;background_background&quot;:&quot;classic&quot;}\">\n\t\t\t\t\t<div class=\"e-con-inner\">\n\t\t<div class=\"elementor-element elementor-element-2684f90 e-con-full e-flex e-con e-child\" data-id=\"2684f90\" data-element_type=\"container\" data-settings=\"{&quot;background_background&quot;:&quot;classic&quot;}\">\n\t\t\t\t<\/div>\n\t\t<div class=\"elementor-element elementor-element-c63c164 e-con-full e-flex e-con e-child\" data-id=\"c63c164\" data-element_type=\"container\">\n\t\t<div class=\"elementor-element elementor-element-b63a551 e-con-full e-flex e-con e-child\" data-id=\"b63a551\" data-element_type=\"container\">\n\t\t\t\t<div class=\"elementor-element elementor-element-2ab7fab elementor-widget elementor-widget-heading\" data-id=\"2ab7fab\" data-element_type=\"widget\" data-widget_type=\"heading.default\">\n\t\t\t\t<div class=\"elementor-widget-container\">\n\t\t\t\t\t<h3 class=\"elementor-heading-title elementor-size-default\">L'area circostante<\/h3>\t\t\t\t<\/div>\n\t\t\t\t<\/div>\n\t\t\t\t<div class=\"elementor-element elementor-element-8fcf902 elementor-widget elementor-widget-text-editor\" data-id=\"8fcf902\" data-element_type=\"widget\" data-widget_type=\"text-editor.default\">\n\t\t\t\t<div class=\"elementor-widget-container\">\n\t\t\t\t\t\t\t\t\t<p>Una \"stella sotto il sole\", la regione del Brian\u00e7onnais si estende per oltre 1000 km\u00b2, lungo quattro valli disposte a stella a partire dal suo centro, Brian\u00e7on. La circonda un feudo di maestose montagne d'alta quota, protette da un battaglione di vette e ghiacciai immacolati: uno spettacolo abbagliante di luce celeste e di colori intensi che la Natura, splendida e pura, forte e violenta, ci rivela in tutta la sua poetica selvaticit\u00e0. Una meraviglia per gli occhi, per la mente e per il cuore.<br \/>Il clima pi\u00f9 secco e soleggiato delle Alpi europee. Valli accoglienti, segnate dall'impronta dell'uomo e della sua storia - una miriade di chiese, cappelle e meridiane. Passi di montagna mitici, mecca del ciclismo di fama mondiale e tappa pi\u00f9 famosa del Tour de France. Una fauna superba, come il muflone, principe dei precipizi. Una flora la cui rara ricchezza \u00e8 pari alla sua discrezione.<br \/>\u00c8 anche una terra di leggende... \"Tutti i Paesi che non hanno pi\u00f9 leggende sono condannati a morire di freddo\". Tutti i Paesi che non hanno pi\u00f9 leggende sono condannati a morire di freddo.\u00a0\u00a0<em>Patrice de la Tour du Pin<\/em><\/p>\t\t\t\t\t\t\t\t<\/div>\n\t\t\t\t<\/div>\n\t\t\t\t<\/div>\n\t\t\t\t<\/div>\n\t\t\t\t\t<\/div>\n\t\t\t\t<\/div>\n\t\t\t\t\t<\/div>\n\t\t\t\t<\/div>\n\t\t<div class=\"elementor-element elementor-element-228fb62 e-flex e-con-boxed e-con e-parent\" data-id=\"228fb62\" data-element_type=\"container\">\n\t\t\t\t\t<div class=\"e-con-inner\">\n\t\t\t\t<div class=\"elementor-element elementor-element-0dea61e elementor-widget elementor-widget-heading\" data-id=\"0dea61e\" data-element_type=\"widget\" data-widget_type=\"heading.default\">\n\t\t\t\t<div class=\"elementor-widget-container\">\n\t\t\t\t\t<h2 class=\"elementor-heading-title elementor-size-default\">Scopri anche<\/h2>\t\t\t\t<\/div>\n\t\t\t\t<\/div>\n\t\t\t\t<div class=\"elementor-element elementor-element-3b52542 elementor-widget-divider--view-line_icon elementor-view-default elementor-widget-divider--element-align-center elementor-widget elementor-widget-global elementor-global-364 elementor-widget-divider\" data-id=\"3b52542\" data-element_type=\"widget\" data-widget_type=\"divider.default\">\n\t\t\t\t<div class=\"elementor-widget-container\">\n\t\t\t\t\t\t\t<div class=\"elementor-divider\">\n\t\t\t<span class=\"elementor-divider-separator\">\n\t\t\t\t\t\t\t<div class=\"elementor-icon elementor-divider__element\">\n\t\t\t\t\t<i aria-hidden=\"true\" class=\"eliofont eliofont-mountain-nearby\"><\/i><\/div>\n\t\t\t\t\t\t<\/span>\n\t\t<\/div>\n\t\t\t\t\t\t<\/div>\n\t\t\t\t<\/div>\n\t\t<div class=\"elementor-element elementor-element-e6f0a3a e-flex e-con-boxed e-con e-child\" data-id=\"e6f0a3a\" data-element_type=\"container\">\n\t\t\t\t\t<div class=\"e-con-inner\">\n\t\t<div class=\"elementor-element elementor-element-9b667f3 e-flex e-con-boxed e-con e-child\" data-id=\"9b667f3\" data-element_type=\"container\">\n\t\t\t\t\t<div class=\"e-con-inner\">\n\t\t\t\t<div class=\"elementor-element elementor-element-634d3d2 animated-slow elementor-invisible elementor-widget elementor-widget-image\" data-id=\"634d3d2\" data-element_type=\"widget\" data-settings=\"{&quot;_animation&quot;:&quot;fadeIn&quot;,&quot;_animation_delay&quot;:500}\" data-widget_type=\"image.default\">\n\t\t\t\t<div class=\"elementor-widget-container\">\n\t\t\t\t\t\t\t\t\t\t\t\t\t\t\t\t<a href=\"#\">\n\t\t\t\t\t\t\t<img fetchpriority=\"high\" decoding=\"async\" width=\"1620\" height=\"1080\" src=\"https:\/\/www.aubergeduchoucas.com\/wp-content\/uploads\/2023\/10\/auberge-du-choucas-242-exterieur-1-\u00a9ChateauxetHotelsCollection-1.jpg\" class=\"elementor-animation-sink attachment-full size-full wp-image-3957\" alt=\"\" srcset=\"https:\/\/www.aubergeduchoucas.com\/wp-content\/uploads\/2023\/10\/auberge-du-choucas-242-exterieur-1-\u00a9ChateauxetHotelsCollection-1.jpg 1620w, https:\/\/www.aubergeduchoucas.com\/wp-content\/uploads\/2023\/10\/auberge-du-choucas-242-exterieur-1-\u00a9ChateauxetHotelsCollection-1-300x200.jpg 300w, https:\/\/www.aubergeduchoucas.com\/wp-content\/uploads\/2023\/10\/auberge-du-choucas-242-exterieur-1-\u00a9ChateauxetHotelsCollection-1-1024x683.jpg 1024w, https:\/\/www.aubergeduchoucas.com\/wp-content\/uploads\/2023\/10\/auberge-du-choucas-242-exterieur-1-\u00a9ChateauxetHotelsCollection-1-768x512.jpg 768w, https:\/\/www.aubergeduchoucas.com\/wp-content\/uploads\/2023\/10\/auberge-du-choucas-242-exterieur-1-\u00a9ChateauxetHotelsCollection-1-1536x1024.jpg 1536w, https:\/\/www.aubergeduchoucas.com\/wp-content\/uploads\/2023\/10\/auberge-du-choucas-242-exterieur-1-\u00a9ChateauxetHotelsCollection-1-18x12.jpg 18w\" sizes=\"(max-width: 1620px) 100vw, 1620px\" title=\"\">\t\t\t\t\t\t\t\t<\/a>\n\t\t\t\t\t\t\t\t\t\t\t\t\t\t\t<\/div>\n\t\t\t\t<\/div>\n\t\t<div class=\"elementor-element elementor-element-6f39212 e-flex e-con-boxed e-con e-child\" data-id=\"6f39212\" data-element_type=\"container\" data-settings=\"{&quot;background_background&quot;:&quot;classic&quot;}\">\n\t\t\t\t\t<div class=\"e-con-inner\">\n\t\t<div class=\"elementor-element elementor-element-f1dca1f e-flex e-con-boxed e-con e-child\" data-id=\"f1dca1f\" data-element_type=\"container\" data-settings=\"{&quot;background_background&quot;:&quot;classic&quot;}\">\n\t\t\t\t\t<div class=\"e-con-inner\">\n\t\t\t\t<div class=\"elementor-element elementor-element-4314d9b elementor-widget elementor-widget-heading\" data-id=\"4314d9b\" data-element_type=\"widget\" data-widget_type=\"heading.default\">\n\t\t\t\t<div class=\"elementor-widget-container\">\n\t\t\t\t\t<h3 class=\"elementor-heading-title elementor-size-default\">Hotel<\/h3>\t\t\t\t<\/div>\n\t\t\t\t<\/div>\n\t\t\t\t<div class=\"elementor-element elementor-element-c4489ae elementor-widget elementor-widget-text-editor\" data-id=\"c4489ae\" data-element_type=\"widget\" data-widget_type=\"text-editor.default\">\n\t\t\t\t<div class=\"elementor-widget-container\">\n\t\t\t\t\t\t\t\t\t<p>Scoprite il nostro hotel nelle Alpi<\/p>\t\t\t\t\t\t\t\t<\/div>\n\t\t\t\t<\/div>\n\t\t\t\t<div class=\"elementor-element elementor-element-fb9d8e6 elementor-align-center elementor-widget elementor-widget-button\" data-id=\"fb9d8e6\" data-element_type=\"widget\" data-widget_type=\"button.default\">\n\t\t\t\t<div class=\"elementor-widget-container\">\n\t\t\t\t\t\t\t\t\t<div class=\"elementor-button-wrapper\">\n\t\t\t\t\t<a class=\"elementor-button elementor-button-link elementor-size-sm\" href=\"https:\/\/www.aubergeduchoucas.com\/it\/\">\n\t\t\t\t\t\t<span class=\"elementor-button-content-wrapper\">\n\t\t\t\t\t\t\t\t\t<span class=\"elementor-button-text\">Per saperne di pi\u00f9<\/span>\n\t\t\t\t\t<\/span>\n\t\t\t\t\t<\/a>\n\t\t\t\t<\/div>\n\t\t\t\t\t\t\t\t<\/div>\n\t\t\t\t<\/div>\n\t\t\t\t\t<\/div>\n\t\t\t\t<\/div>\n\t\t\t\t\t<\/div>\n\t\t\t\t<\/div>\n\t\t\t\t\t<\/div>\n\t\t\t\t<\/div>\n\t\t<div class=\"elementor-element elementor-element-e3520c7 e-flex e-con-boxed e-con e-child\" data-id=\"e3520c7\" data-element_type=\"container\">\n\t\t\t\t\t<div class=\"e-con-inner\">\n\t\t\t\t<div class=\"elementor-element elementor-element-d578b9a animated-slow elementor-invisible elementor-widget elementor-widget-image\" data-id=\"d578b9a\" data-element_type=\"widget\" data-settings=\"{&quot;_animation&quot;:&quot;fadeIn&quot;,&quot;_animation_delay&quot;:500}\" data-widget_type=\"image.default\">\n\t\t\t\t<div class=\"elementor-widget-container\">\n\t\t\t\t\t\t\t\t\t\t\t\t\t\t\t\t<a href=\"#\">\n\t\t\t\t\t\t\t<img decoding=\"async\" width=\"1620\" height=\"1080\" src=\"https:\/\/www.aubergeduchoucas.com\/wp-content\/uploads\/2023\/10\/260030_2741_040mp-1.jpg\" class=\"elementor-animation-sink attachment-full size-full wp-image-3965\" alt=\"\" srcset=\"https:\/\/www.aubergeduchoucas.com\/wp-content\/uploads\/2023\/10\/260030_2741_040mp-1.jpg 1620w, https:\/\/www.aubergeduchoucas.com\/wp-content\/uploads\/2023\/10\/260030_2741_040mp-1-300x200.jpg 300w, https:\/\/www.aubergeduchoucas.com\/wp-content\/uploads\/2023\/10\/260030_2741_040mp-1-1024x683.jpg 1024w, https:\/\/www.aubergeduchoucas.com\/wp-content\/uploads\/2023\/10\/260030_2741_040mp-1-768x512.jpg 768w, https:\/\/www.aubergeduchoucas.com\/wp-content\/uploads\/2023\/10\/260030_2741_040mp-1-1536x1024.jpg 1536w, https:\/\/www.aubergeduchoucas.com\/wp-content\/uploads\/2023\/10\/260030_2741_040mp-1-18x12.jpg 18w\" sizes=\"(max-width: 1620px) 100vw, 1620px\" title=\"\">\t\t\t\t\t\t\t\t<\/a>\n\t\t\t\t\t\t\t\t\t\t\t\t\t\t\t<\/div>\n\t\t\t\t<\/div>\n\t\t<div class=\"elementor-element elementor-element-9dc1475 e-flex e-con-boxed e-con e-child\" data-id=\"9dc1475\" data-element_type=\"container\" data-settings=\"{&quot;background_background&quot;:&quot;classic&quot;}\">\n\t\t\t\t\t<div class=\"e-con-inner\">\n\t\t<div class=\"elementor-element elementor-element-5b80ac2 e-flex e-con-boxed e-con e-child\" data-id=\"5b80ac2\" data-element_type=\"container\" data-settings=\"{&quot;background_background&quot;:&quot;classic&quot;}\">\n\t\t\t\t\t<div class=\"e-con-inner\">\n\t\t\t\t<div class=\"elementor-element elementor-element-57c3132 elementor-widget elementor-widget-heading\" data-id=\"57c3132\" data-element_type=\"widget\" data-widget_type=\"heading.default\">\n\t\t\t\t<div class=\"elementor-widget-container\">\n\t\t\t\t\t<h3 class=\"elementor-heading-title elementor-size-default\">Sistemazione<\/h3>\t\t\t\t<\/div>\n\t\t\t\t<\/div>\n\t\t\t\t<div class=\"elementor-element elementor-element-6a2afac elementor-widget elementor-widget-text-editor\" data-id=\"6a2afac\" data-element_type=\"widget\" data-widget_type=\"text-editor.default\">\n\t\t\t\t<div class=\"elementor-widget-container\">\n\t\t\t\t\t\t\t\t\t<p>Scoprite le nostre camere e il nostro Chalet Clara a Mon\u00eatier-Les-Bains, Serre-Chevalier<\/p>\t\t\t\t\t\t\t\t<\/div>\n\t\t\t\t<\/div>\n\t\t\t\t<div class=\"elementor-element elementor-element-69a0f0a elementor-align-center elementor-widget elementor-widget-button\" data-id=\"69a0f0a\" data-element_type=\"widget\" data-widget_type=\"button.default\">\n\t\t\t\t<div class=\"elementor-widget-container\">\n\t\t\t\t\t\t\t\t\t<div class=\"elementor-button-wrapper\">\n\t\t\t\t\t<a class=\"elementor-button elementor-button-link elementor-size-sm\" href=\"https:\/\/www.aubergeduchoucas.com\/it\/alloggio\/\">\n\t\t\t\t\t\t<span class=\"elementor-button-content-wrapper\">\n\t\t\t\t\t\t\t\t\t<span class=\"elementor-button-text\">Per saperne di pi\u00f9<\/span>\n\t\t\t\t\t<\/span>\n\t\t\t\t\t<\/a>\n\t\t\t\t<\/div>\n\t\t\t\t\t\t\t\t<\/div>\n\t\t\t\t<\/div>\n\t\t\t\t\t<\/div>\n\t\t\t\t<\/div>\n\t\t\t\t\t<\/div>\n\t\t\t\t<\/div>\n\t\t\t\t\t<\/div>\n\t\t\t\t<\/div>\n\t\t<div class=\"elementor-element elementor-element-8c82b78 e-flex e-con-boxed e-con e-child\" data-id=\"8c82b78\" data-element_type=\"container\">\n\t\t\t\t\t<div class=\"e-con-inner\">\n\t\t\t\t<div class=\"elementor-element elementor-element-819aa70 animated-slow elementor-invisible elementor-widget elementor-widget-image\" data-id=\"819aa70\" data-element_type=\"widget\" data-settings=\"{&quot;_animation&quot;:&quot;fadeIn&quot;,&quot;_animation_delay&quot;:500}\" data-widget_type=\"image.default\">\n\t\t\t\t<div class=\"elementor-widget-container\">\n\t\t\t\t\t\t\t\t\t\t\t\t\t\t\t\t<a href=\"#\">\n\t\t\t\t\t\t\t<img decoding=\"async\" width=\"1620\" height=\"1080\" src=\"https:\/\/www.aubergeduchoucas.com\/wp-content\/uploads\/2023\/10\/260030_2741_180mp.jpg\" class=\"elementor-animation-sink attachment-full size-full wp-image-3966\" alt=\"\" srcset=\"https:\/\/www.aubergeduchoucas.com\/wp-content\/uploads\/2023\/10\/260030_2741_180mp.jpg 1620w, https:\/\/www.aubergeduchoucas.com\/wp-content\/uploads\/2023\/10\/260030_2741_180mp-300x200.jpg 300w, https:\/\/www.aubergeduchoucas.com\/wp-content\/uploads\/2023\/10\/260030_2741_180mp-1024x683.jpg 1024w, https:\/\/www.aubergeduchoucas.com\/wp-content\/uploads\/2023\/10\/260030_2741_180mp-768x512.jpg 768w, https:\/\/www.aubergeduchoucas.com\/wp-content\/uploads\/2023\/10\/260030_2741_180mp-1536x1024.jpg 1536w, https:\/\/www.aubergeduchoucas.com\/wp-content\/uploads\/2023\/10\/260030_2741_180mp-18x12.jpg 18w\" sizes=\"(max-width: 1620px) 100vw, 1620px\" title=\"\">\t\t\t\t\t\t\t\t<\/a>\n\t\t\t\t\t\t\t\t\t\t\t\t\t\t\t<\/div>\n\t\t\t\t<\/div>\n\t\t<div class=\"elementor-element elementor-element-5103d2b e-flex e-con-boxed e-con e-child\" data-id=\"5103d2b\" data-element_type=\"container\" data-settings=\"{&quot;background_background&quot;:&quot;classic&quot;}\">\n\t\t\t\t\t<div class=\"e-con-inner\">\n\t\t<div class=\"elementor-element elementor-element-6307c76 e-flex e-con-boxed e-con e-child\" data-id=\"6307c76\" data-element_type=\"container\" data-settings=\"{&quot;background_background&quot;:&quot;classic&quot;}\">\n\t\t\t\t\t<div class=\"e-con-inner\">\n\t\t\t\t<div class=\"elementor-element elementor-element-91c65b4 elementor-widget elementor-widget-heading\" data-id=\"91c65b4\" data-element_type=\"widget\" data-widget_type=\"heading.default\">\n\t\t\t\t<div class=\"elementor-widget-container\">\n\t\t\t\t\t<h3 class=\"elementor-heading-title elementor-size-default\">Ristorante<\/h3>\t\t\t\t<\/div>\n\t\t\t\t<\/div>\n\t\t\t\t<div class=\"elementor-element elementor-element-f3da7a0 elementor-widget elementor-widget-text-editor\" data-id=\"f3da7a0\" data-element_type=\"widget\" data-widget_type=\"text-editor.default\">\n\t\t\t\t<div class=\"elementor-widget-container\">\n\t\t\t\t\t\t\t\t\t<p>Gastronomia al top<\/p>\t\t\t\t\t\t\t\t<\/div>\n\t\t\t\t<\/div>\n\t\t\t\t<div class=\"elementor-element elementor-element-621d4a0 elementor-align-center elementor-widget elementor-widget-button\" data-id=\"621d4a0\" data-element_type=\"widget\" data-widget_type=\"button.default\">\n\t\t\t\t<div class=\"elementor-widget-container\">\n\t\t\t\t\t\t\t\t\t<div class=\"elementor-button-wrapper\">\n\t\t\t\t\t<a class=\"elementor-button elementor-button-link elementor-size-sm\" href=\"https:\/\/www.aubergeduchoucas.com\/it\/ristorante\/\">\n\t\t\t\t\t\t<span class=\"elementor-button-content-wrapper\">\n\t\t\t\t\t\t\t\t\t<span class=\"elementor-button-text\">Per saperne di pi\u00f9<\/span>\n\t\t\t\t\t<\/span>\n\t\t\t\t\t<\/a>\n\t\t\t\t<\/div>\n\t\t\t\t\t\t\t\t<\/div>\n\t\t\t\t<\/div>\n\t\t\t\t\t<\/div>\n\t\t\t\t<\/div>\n\t\t\t\t\t<\/div>\n\t\t\t\t<\/div>\n\t\t\t\t\t<\/div>\n\t\t\t\t<\/div>\n\t\t\t\t\t<\/div>\n\t\t\t\t<\/div>\n\t\t\t\t\t<\/div>\n\t\t\t\t<\/div>\n\t\t\t\t<\/div>","protected":false},"excerpt":{"rendered":"<p>Activit\u00e9s Le Mon\u00eatier-Les-Bains Charme d&rsquo;un authentique village haut-alpin ayant pr\u00e9serv\u00e9 son architecture, ses traditions, son calme, o\u00f9 il fait bon vivre, respirer l&rsquo;air extraordinairement pur du Brian\u00e7onnais, et se ressourcer aux Grands Bains Thermaux (4500 m\u00b2 d\u00e9di\u00e9s \u00e0 la d\u00e9tente\u00a0: thermes d&rsquo;eau chaude naturelle aux principes actifs (44 \u00b0c), SPA, institut de beaut\u00e9) situ\u00e9s \u00e0 [&hellip;]<\/p>","protected":false},"author":7,"featured_media":0,"parent":0,"menu_order":0,"comment_status":"closed","ping_status":"closed","template":"","meta":{"inline_featured_image":false,"footnotes":""},"class_list":["post-65","page","type-page","status-publish","hentry"],"_links":{"self":[{"href":"https:\/\/www.aubergeduchoucas.com\/it\/wp-json\/wp\/v2\/pages\/65","targetHints":{"allow":["GET"]}}],"collection":[{"href":"https:\/\/www.aubergeduchoucas.com\/it\/wp-json\/wp\/v2\/pages"}],"about":[{"href":"https:\/\/www.aubergeduchoucas.com\/it\/wp-json\/wp\/v2\/types\/page"}],"author":[{"embeddable":true,"href":"https:\/\/www.aubergeduchoucas.com\/it\/wp-json\/wp\/v2\/users\/7"}],"replies":[{"embeddable":true,"href":"https:\/\/www.aubergeduchoucas.com\/it\/wp-json\/wp\/v2\/comments?post=65"}],"version-history":[{"count":314,"href":"https:\/\/www.aubergeduchoucas.com\/it\/wp-json\/wp\/v2\/pages\/65\/revisions"}],"predecessor-version":[{"id":4649,"href":"https:\/\/www.aubergeduchoucas.com\/it\/wp-json\/wp\/v2\/pages\/65\/revisions\/4649"}],"wp:attachment":[{"href":"https:\/\/www.aubergeduchoucas.com\/it\/wp-json\/wp\/v2\/media?parent=65"}],"curies":[{"name":"wp","href":"https:\/\/api.w.org\/{rel}","templated":true}]}}