{"id":61,"date":"2023-06-02T12:13:22","date_gmt":"2023-06-02T10:13:22","guid":{"rendered":"https:\/\/www.aubergeduchoucas.com\/?page_id=61"},"modified":"2025-12-26T09:07:58","modified_gmt":"2025-12-26T08:07:58","slug":"ristorante","status":"publish","type":"page","link":"https:\/\/www.aubergeduchoucas.com\/it\/ristorante\/","title":{"rendered":"Ristorante"},"content":{"rendered":"<div data-elementor-type=\"wp-page\" data-elementor-id=\"61\" class=\"elementor elementor-61\" data-elementor-post-type=\"page\">\n\t\t\t\t<div class=\"elementor-element elementor-element-22f02cb e-con-full e-flex e-con e-parent\" data-id=\"22f02cb\" data-element_type=\"container\" id=\"top\" data-settings=\"{&quot;background_background&quot;:&quot;classic&quot;}\">\n\t\t\t\t<div class=\"elementor-element elementor-element-fc79fd3 elementor-widget elementor-widget-heading\" data-id=\"fc79fd3\" data-element_type=\"widget\" data-widget_type=\"heading.default\">\n\t\t\t\t<div class=\"elementor-widget-container\">\n\t\t\t\t\t<h1 class=\"elementor-heading-title elementor-size-default\">Ristorante<\/h1>\t\t\t\t<\/div>\n\t\t\t\t<\/div>\n\t\t\t\t<\/div>\n\t\t<div class=\"elementor-element elementor-element-a87a7dc e-con-full e-flex e-con e-parent\" data-id=\"a87a7dc\" data-element_type=\"container\" data-settings=\"{&quot;background_background&quot;:&quot;classic&quot;}\">\n\t\t<div class=\"elementor-element elementor-element-af02bfb e-con-full e-flex e-con e-child\" data-id=\"af02bfb\" data-element_type=\"container\">\n\t\t\t\t<div class=\"elementor-element elementor-element-83aa938 elementor-widget elementor-widget-image\" data-id=\"83aa938\" data-element_type=\"widget\" data-widget_type=\"image.default\">\n\t\t\t\t<div class=\"elementor-widget-container\">\n\t\t\t\t\t\t\t\t\t\t\t\t\t\t\t<img fetchpriority=\"high\" decoding=\"async\" width=\"1620\" height=\"1080\" src=\"https:\/\/www.aubergeduchoucas.com\/wp-content\/uploads\/2023\/10\/260030_2741_118mp.jpg\" class=\"attachment-full size-full wp-image-3882\" alt=\"\" srcset=\"https:\/\/www.aubergeduchoucas.com\/wp-content\/uploads\/2023\/10\/260030_2741_118mp.jpg 1620w, https:\/\/www.aubergeduchoucas.com\/wp-content\/uploads\/2023\/10\/260030_2741_118mp-300x200.jpg 300w, https:\/\/www.aubergeduchoucas.com\/wp-content\/uploads\/2023\/10\/260030_2741_118mp-1024x683.jpg 1024w, https:\/\/www.aubergeduchoucas.com\/wp-content\/uploads\/2023\/10\/260030_2741_118mp-768x512.jpg 768w, https:\/\/www.aubergeduchoucas.com\/wp-content\/uploads\/2023\/10\/260030_2741_118mp-1536x1024.jpg 1536w, https:\/\/www.aubergeduchoucas.com\/wp-content\/uploads\/2023\/10\/260030_2741_118mp-18x12.jpg 18w\" sizes=\"(max-width: 1620px) 100vw, 1620px\" title=\"\">\t\t\t\t\t\t\t\t\t\t\t\t\t\t\t<\/div>\n\t\t\t\t<\/div>\n\t\t<div class=\"elementor-element elementor-element-9e42821 e-flex e-con-boxed e-con e-child\" data-id=\"9e42821\" data-element_type=\"container\">\n\t\t\t\t\t<div class=\"e-con-inner\">\n\t\t\t\t\t<\/div>\n\t\t\t\t<\/div>\n\t\t<div class=\"elementor-element elementor-element-e887146 e-flex e-con-boxed e-con e-child\" data-id=\"e887146\" data-element_type=\"container\">\n\t\t\t\t\t<div class=\"e-con-inner\">\n\t\t\t\t\t<\/div>\n\t\t\t\t<\/div>\n\t\t\t\t<\/div>\n\t\t<div class=\"elementor-element elementor-element-b25a356 e-con-full e-flex e-con e-child\" data-id=\"b25a356\" data-element_type=\"container\">\n\t\t\t\t<div class=\"elementor-element elementor-element-e2a0d69 elementor-widget elementor-widget-heading\" data-id=\"e2a0d69\" data-element_type=\"widget\" data-widget_type=\"heading.default\">\n\t\t\t\t<div class=\"elementor-widget-container\">\n\t\t\t\t\t<h2 class=\"elementor-heading-title elementor-size-default\">Gastronomia in vetta!\n<\/h2>\t\t\t\t<\/div>\n\t\t\t\t<\/div>\n\t\t\t\t<div class=\"elementor-element elementor-element-6dbfcfa elementor-widget elementor-widget-text-editor\" data-id=\"6dbfcfa\" data-element_type=\"widget\" data-widget_type=\"text-editor.default\">\n\t\t\t\t<div class=\"elementor-widget-container\">\n\t\t\t\t\t\t\t\t\t<p>Sotto le volte secolari dell'antica stalla o sulla terrazza del giardino, si mescolano aromi sottili e sapori gourmet. Lo chef propone una cucina autentica e inventiva, preparata con prodotti freschi e di qualit\u00e0. Le nostre ricette locali, superbe nel loro classicismo montano, conferiscono alla gastronomia delle Hautes-Alpes le sue lettere di nobilt\u00e0...\". Le Chausson du Vieux Gar\u00e7on Haut-Alpin\", \"La saucisse brian\u00e7onnaise au chou farci, foie gras et parfum de truffe\"...<\/p><p>Una festa per il palato e una festa per gli occhi. Tovaglie in tinta con la tappezzeria, pizzi, candelabri, posate d'argento, fuochi nel focolare... Un mondo di incanto e suggestione.<\/p><p>Il nostro ristorante di Serre-Chevalier \u00e8 riconosciuto dalle guide gastronomiche e ha ottenuto i marchi \"Ma\u00eetre-Restaurateur\" e \"Restaurant de qualit\u00e9\" dal Coll\u00e8ge Culinaire de France. Il nostro hotel possiede il marchio \"Qualit\u00e9 Tourisme\".<\/p>\t\t\t\t\t\t\t\t<\/div>\n\t\t\t\t<\/div>\n\t\t\t\t<div class=\"elementor-element elementor-element-ee6b47a elementor-widget elementor-widget-image\" data-id=\"ee6b47a\" data-element_type=\"widget\" data-widget_type=\"image.default\">\n\t\t\t\t<div class=\"elementor-widget-container\">\n\t\t\t\t\t\t\t\t\t\t\t\t\t\t\t\t<a href=\"https:\/\/restaurantguru.com\/LAuberge-du-Choucas-Le-Monetier-les-Bains\" target=\"_blank\" rel=\"nofollow noopener\">\n\t\t\t\t\t\t\t<img decoding=\"async\" width=\"168\" height=\"180\" src=\"https:\/\/www.aubergeduchoucas.com\/wp-content\/uploads\/2023\/10\/restau_guru.png\" class=\"attachment-large size-large wp-image-3822\" alt=\"\" srcset=\"https:\/\/www.aubergeduchoucas.com\/wp-content\/uploads\/2023\/10\/restau_guru.png 168w, https:\/\/www.aubergeduchoucas.com\/wp-content\/uploads\/2023\/10\/restau_guru-11x12.png 11w\" sizes=\"(max-width: 168px) 100vw, 168px\" title=\"\">\t\t\t\t\t\t\t\t<\/a>\n\t\t\t\t\t\t\t\t\t\t\t\t\t\t\t<\/div>\n\t\t\t\t<\/div>\n\t\t\t\t<\/div>\n\t\t\t\t<\/div>\n\t\t<div class=\"elementor-element elementor-element-24e4531 e-flex e-con-boxed e-con e-parent\" data-id=\"24e4531\" data-element_type=\"container\">\n\t\t\t\t\t<div class=\"e-con-inner\">\n\t\t<div class=\"elementor-element elementor-element-4e65420 e-con-full e-flex e-con e-child\" data-id=\"4e65420\" data-element_type=\"container\">\n\t\t\t\t<div class=\"elementor-element elementor-element-3c57119 elementor-align-justify elementor-widget elementor-widget-button\" data-id=\"3c57119\" data-element_type=\"widget\" data-widget_type=\"button.default\">\n\t\t\t\t<div class=\"elementor-widget-container\">\n\t\t\t\t\t\t\t\t\t<div class=\"elementor-button-wrapper\">\n\t\t\t\t\t<a class=\"elementor-button elementor-button-link elementor-size-sm\" href=\"https:\/\/www.aubergeduchoucas.com\/wp-content\/uploads\/2025\/12\/NOUVEL-AN-2025.pdf\" target=\"_blank\">\n\t\t\t\t\t\t<span class=\"elementor-button-content-wrapper\">\n\t\t\t\t\t\t\t\t\t<span class=\"elementor-button-text\">Nouvel An<\/span>\n\t\t\t\t\t<\/span>\n\t\t\t\t\t<\/a>\n\t\t\t\t<\/div>\n\t\t\t\t\t\t\t\t<\/div>\n\t\t\t\t<\/div>\n\t\t\t\t<\/div>\n\t\t<div class=\"elementor-element elementor-element-e27d231 e-con-full e-flex e-con e-child\" data-id=\"e27d231\" data-element_type=\"container\">\n\t\t\t\t<div class=\"elementor-element elementor-element-60b8eda elementor-align-justify elementor-widget elementor-widget-button\" data-id=\"60b8eda\" data-element_type=\"widget\" data-widget_type=\"button.default\">\n\t\t\t\t<div class=\"elementor-widget-container\">\n\t\t\t\t\t\t\t\t\t<div class=\"elementor-button-wrapper\">\n\t\t\t\t\t<a class=\"elementor-button elementor-button-link elementor-size-sm\" href=\"https:\/\/www.aubergeduchoucas.com\/wp-content\/uploads\/2025\/12\/carte-hiver2026.pdf\" target=\"_blank\">\n\t\t\t\t\t\t<span class=\"elementor-button-content-wrapper\">\n\t\t\t\t\t\t\t\t\t<span class=\"elementor-button-text\">Scheda invernale <\/span>\n\t\t\t\t\t<\/span>\n\t\t\t\t\t<\/a>\n\t\t\t\t<\/div>\n\t\t\t\t\t\t\t\t<\/div>\n\t\t\t\t<\/div>\n\t\t\t\t<\/div>\n\t\t<div class=\"elementor-element elementor-element-817684e e-con-full e-flex e-con e-child\" data-id=\"817684e\" data-element_type=\"container\">\n\t\t\t\t<div class=\"elementor-element elementor-element-be800de elementor-align-justify elementor-widget elementor-widget-button\" data-id=\"be800de\" data-element_type=\"widget\" data-widget_type=\"button.default\">\n\t\t\t\t<div class=\"elementor-widget-container\">\n\t\t\t\t\t\t\t\t\t<div class=\"elementor-button-wrapper\">\n\t\t\t\t\t<a class=\"elementor-button elementor-button-link elementor-size-sm\" href=\"https:\/\/www.aubergeduchoucas.com\/wp-content\/uploads\/2025\/12\/Carte-desserts-hiver-2026.pdf\" target=\"_blank\">\n\t\t\t\t\t\t<span class=\"elementor-button-content-wrapper\">\n\t\t\t\t\t\t\t\t\t<span class=\"elementor-button-text\">Menu dei dessert invernali<\/span>\n\t\t\t\t\t<\/span>\n\t\t\t\t\t<\/a>\n\t\t\t\t<\/div>\n\t\t\t\t\t\t\t\t<\/div>\n\t\t\t\t<\/div>\n\t\t\t\t<\/div>\n\t\t<div class=\"elementor-element elementor-element-f8b3cb3 e-con-full e-flex e-con e-child\" data-id=\"f8b3cb3\" data-element_type=\"container\">\n\t\t\t\t<div class=\"elementor-element elementor-element-7ab16fb elementor-align-justify elementor-widget elementor-widget-button\" data-id=\"7ab16fb\" data-element_type=\"widget\" data-widget_type=\"button.default\">\n\t\t\t\t<div class=\"elementor-widget-container\">\n\t\t\t\t\t\t\t\t\t<div class=\"elementor-button-wrapper\">\n\t\t\t\t\t<a class=\"elementor-button elementor-button-link elementor-size-sm\" href=\"https:\/\/www.aubergeduchoucas.com\/wp-content\/uploads\/2025\/12\/Variations-Hiver-26_exemple-.pdf\" target=\"_blank\">\n\t\t\t\t\t\t<span class=\"elementor-button-content-wrapper\">\n\t\t\t\t\t\t\t\t\t<span class=\"elementor-button-text\">Carte Variations<\/span>\n\t\t\t\t\t<\/span>\n\t\t\t\t\t<\/a>\n\t\t\t\t<\/div>\n\t\t\t\t\t\t\t\t<\/div>\n\t\t\t\t<\/div>\n\t\t\t\t<\/div>\n\t\t\t\t\t<\/div>\n\t\t\t\t<\/div>\n\t\t<div class=\"elementor-element elementor-element-09688e5 e-flex e-con-boxed e-con e-parent\" data-id=\"09688e5\" data-element_type=\"container\">\n\t\t\t\t\t<div class=\"e-con-inner\">\n\t\t<div class=\"elementor-element elementor-element-ae586ee e-con-full e-flex e-con e-child\" data-id=\"ae586ee\" data-element_type=\"container\">\n\t\t\t\t<div class=\"elementor-element elementor-element-f6d2e31 elementor-align-justify elementor-widget elementor-widget-button\" data-id=\"f6d2e31\" data-element_type=\"widget\" data-widget_type=\"button.default\">\n\t\t\t\t<div class=\"elementor-widget-container\">\n\t\t\t\t\t\t\t\t\t<div class=\"elementor-button-wrapper\">\n\t\t\t\t\t<a class=\"elementor-button elementor-button-link elementor-size-sm\" href=\"https:\/\/www.aubergeduchoucas.com\/wp-content\/uploads\/2025\/12\/Rondohiver26.pdf\" target=\"_blank\">\n\t\t\t\t\t\t<span class=\"elementor-button-content-wrapper\">\n\t\t\t\t\t\t\t\t\t<span class=\"elementor-button-text\">Carte Rondo\"<\/span>\n\t\t\t\t\t<\/span>\n\t\t\t\t\t<\/a>\n\t\t\t\t<\/div>\n\t\t\t\t\t\t\t\t<\/div>\n\t\t\t\t<\/div>\n\t\t\t\t<\/div>\n\t\t\t\t\t<\/div>\n\t\t\t\t<\/div>\n\t\t<div class=\"elementor-element elementor-element-3d9f7a2 e-flex e-con-boxed e-con e-parent\" data-id=\"3d9f7a2\" data-element_type=\"container\" data-settings=\"{&quot;background_background&quot;:&quot;classic&quot;}\">\n\t\t\t\t\t<div class=\"e-con-inner\">\n\t\t\t\t<div class=\"elementor-element elementor-element-f2da0ef elementor-widget elementor-widget-heading\" data-id=\"f2da0ef\" data-element_type=\"widget\" data-widget_type=\"heading.default\">\n\t\t\t\t<div class=\"elementor-widget-container\">\n\t\t\t\t\t<h2 class=\"elementor-heading-title elementor-size-default\">Scopri anche<\/h2>\t\t\t\t<\/div>\n\t\t\t\t<\/div>\n\t\t\t\t<div class=\"elementor-element elementor-element-7bb72d6 elementor-widget-divider--view-line_icon elementor-view-default elementor-widget-divider--element-align-center elementor-widget elementor-widget-global elementor-global-364 elementor-widget-divider\" data-id=\"7bb72d6\" data-element_type=\"widget\" data-widget_type=\"divider.default\">\n\t\t\t\t<div class=\"elementor-widget-container\">\n\t\t\t\t\t\t\t<div class=\"elementor-divider\">\n\t\t\t<span class=\"elementor-divider-separator\">\n\t\t\t\t\t\t\t<div class=\"elementor-icon elementor-divider__element\">\n\t\t\t\t\t<i aria-hidden=\"true\" class=\"eliofont eliofont-mountain-nearby\"><\/i><\/div>\n\t\t\t\t\t\t<\/span>\n\t\t<\/div>\n\t\t\t\t\t\t<\/div>\n\t\t\t\t<\/div>\n\t\t<div class=\"elementor-element elementor-element-a09c485 e-flex e-con-boxed e-con e-child\" data-id=\"a09c485\" data-element_type=\"container\">\n\t\t\t\t\t<div class=\"e-con-inner\">\n\t\t<div class=\"elementor-element elementor-element-4dfdf12 e-flex e-con-boxed e-con e-child\" data-id=\"4dfdf12\" data-element_type=\"container\">\n\t\t\t\t\t<div class=\"e-con-inner\">\n\t\t\t\t<div class=\"elementor-element elementor-element-c9e5104 animated-slow elementor-invisible elementor-widget elementor-widget-image\" data-id=\"c9e5104\" data-element_type=\"widget\" data-settings=\"{&quot;_animation&quot;:&quot;fadeIn&quot;,&quot;_animation_delay&quot;:500}\" data-widget_type=\"image.default\">\n\t\t\t\t<div class=\"elementor-widget-container\">\n\t\t\t\t\t\t\t\t\t\t\t\t\t\t\t\t<a href=\"#\">\n\t\t\t\t\t\t\t<img decoding=\"async\" width=\"1127\" height=\"761\" src=\"https:\/\/www.aubergeduchoucas.com\/wp-content\/uploads\/2023\/10\/Z38A0581.jpg\" class=\"elementor-animation-sink attachment-full size-full wp-image-4120\" alt=\"\" srcset=\"https:\/\/www.aubergeduchoucas.com\/wp-content\/uploads\/2023\/10\/Z38A0581.jpg 1127w, https:\/\/www.aubergeduchoucas.com\/wp-content\/uploads\/2023\/10\/Z38A0581-300x203.jpg 300w, https:\/\/www.aubergeduchoucas.com\/wp-content\/uploads\/2023\/10\/Z38A0581-1024x691.jpg 1024w, https:\/\/www.aubergeduchoucas.com\/wp-content\/uploads\/2023\/10\/Z38A0581-768x519.jpg 768w, https:\/\/www.aubergeduchoucas.com\/wp-content\/uploads\/2023\/10\/Z38A0581-18x12.jpg 18w\" sizes=\"(max-width: 1127px) 100vw, 1127px\" title=\"\">\t\t\t\t\t\t\t\t<\/a>\n\t\t\t\t\t\t\t\t\t\t\t\t\t\t\t<\/div>\n\t\t\t\t<\/div>\n\t\t<div class=\"elementor-element elementor-element-6331f1c e-flex e-con-boxed e-con e-child\" data-id=\"6331f1c\" data-element_type=\"container\" data-settings=\"{&quot;background_background&quot;:&quot;classic&quot;}\">\n\t\t\t\t\t<div class=\"e-con-inner\">\n\t\t<div class=\"elementor-element elementor-element-f574fab e-flex e-con-boxed e-con e-child\" data-id=\"f574fab\" data-element_type=\"container\" data-settings=\"{&quot;background_background&quot;:&quot;classic&quot;}\">\n\t\t\t\t\t<div class=\"e-con-inner\">\n\t\t\t\t<div class=\"elementor-element elementor-element-b809185 elementor-widget elementor-widget-heading\" data-id=\"b809185\" data-element_type=\"widget\" data-widget_type=\"heading.default\">\n\t\t\t\t<div class=\"elementor-widget-container\">\n\t\t\t\t\t<h3 class=\"elementor-heading-title elementor-size-default\">Hotel<\/h3>\t\t\t\t<\/div>\n\t\t\t\t<\/div>\n\t\t\t\t<div class=\"elementor-element elementor-element-aa5f2dc elementor-widget elementor-widget-text-editor\" data-id=\"aa5f2dc\" data-element_type=\"widget\" data-widget_type=\"text-editor.default\">\n\t\t\t\t<div class=\"elementor-widget-container\">\n\t\t\t\t\t\t\t\t\t<p>Scoprite la nostra Maison d'Antan<\/p>\t\t\t\t\t\t\t\t<\/div>\n\t\t\t\t<\/div>\n\t\t\t\t<div class=\"elementor-element elementor-element-2a010c7 elementor-align-center elementor-widget elementor-widget-button\" data-id=\"2a010c7\" data-element_type=\"widget\" data-widget_type=\"button.default\">\n\t\t\t\t<div class=\"elementor-widget-container\">\n\t\t\t\t\t\t\t\t\t<div class=\"elementor-button-wrapper\">\n\t\t\t\t\t<a class=\"elementor-button elementor-button-link elementor-size-sm\" href=\"https:\/\/www.aubergeduchoucas.com\/it\/\">\n\t\t\t\t\t\t<span class=\"elementor-button-content-wrapper\">\n\t\t\t\t\t\t\t\t\t<span class=\"elementor-button-text\">Per saperne di pi\u00f9<\/span>\n\t\t\t\t\t<\/span>\n\t\t\t\t\t<\/a>\n\t\t\t\t<\/div>\n\t\t\t\t\t\t\t\t<\/div>\n\t\t\t\t<\/div>\n\t\t\t\t\t<\/div>\n\t\t\t\t<\/div>\n\t\t\t\t\t<\/div>\n\t\t\t\t<\/div>\n\t\t\t\t\t<\/div>\n\t\t\t\t<\/div>\n\t\t<div class=\"elementor-element elementor-element-4edd3f9 e-flex e-con-boxed e-con e-child\" data-id=\"4edd3f9\" data-element_type=\"container\">\n\t\t\t\t\t<div class=\"e-con-inner\">\n\t\t\t\t<div class=\"elementor-element elementor-element-243b2c8 animated-slow elementor-invisible elementor-widget elementor-widget-image\" data-id=\"243b2c8\" data-element_type=\"widget\" data-settings=\"{&quot;_animation&quot;:&quot;fadeIn&quot;,&quot;_animation_delay&quot;:500}\" data-widget_type=\"image.default\">\n\t\t\t\t<div class=\"elementor-widget-container\">\n\t\t\t\t\t\t\t\t\t\t\t\t\t\t\t\t<a href=\"#\">\n\t\t\t\t\t\t\t<img loading=\"lazy\" decoding=\"async\" width=\"1620\" height=\"1080\" src=\"https:\/\/www.aubergeduchoucas.com\/wp-content\/uploads\/2023\/10\/260030_2741_177mp.jpg\" class=\"elementor-animation-sink attachment-full size-full wp-image-3873\" alt=\"\" srcset=\"https:\/\/www.aubergeduchoucas.com\/wp-content\/uploads\/2023\/10\/260030_2741_177mp.jpg 1620w, https:\/\/www.aubergeduchoucas.com\/wp-content\/uploads\/2023\/10\/260030_2741_177mp-300x200.jpg 300w, https:\/\/www.aubergeduchoucas.com\/wp-content\/uploads\/2023\/10\/260030_2741_177mp-1024x683.jpg 1024w, https:\/\/www.aubergeduchoucas.com\/wp-content\/uploads\/2023\/10\/260030_2741_177mp-768x512.jpg 768w, https:\/\/www.aubergeduchoucas.com\/wp-content\/uploads\/2023\/10\/260030_2741_177mp-1536x1024.jpg 1536w, https:\/\/www.aubergeduchoucas.com\/wp-content\/uploads\/2023\/10\/260030_2741_177mp-18x12.jpg 18w\" sizes=\"(max-width: 1620px) 100vw, 1620px\" title=\"\">\t\t\t\t\t\t\t\t<\/a>\n\t\t\t\t\t\t\t\t\t\t\t\t\t\t\t<\/div>\n\t\t\t\t<\/div>\n\t\t<div class=\"elementor-element elementor-element-c0f5e95 e-flex e-con-boxed e-con e-child\" data-id=\"c0f5e95\" data-element_type=\"container\" data-settings=\"{&quot;background_background&quot;:&quot;classic&quot;}\">\n\t\t\t\t\t<div class=\"e-con-inner\">\n\t\t<div class=\"elementor-element elementor-element-f0b5482 e-flex e-con-boxed e-con e-child\" data-id=\"f0b5482\" data-element_type=\"container\" data-settings=\"{&quot;background_background&quot;:&quot;classic&quot;}\">\n\t\t\t\t\t<div class=\"e-con-inner\">\n\t\t\t\t<div class=\"elementor-element elementor-element-5aea78d elementor-widget elementor-widget-heading\" data-id=\"5aea78d\" data-element_type=\"widget\" data-widget_type=\"heading.default\">\n\t\t\t\t<div class=\"elementor-widget-container\">\n\t\t\t\t\t<h3 class=\"elementor-heading-title elementor-size-default\">Seminari<\/h3>\t\t\t\t<\/div>\n\t\t\t\t<\/div>\n\t\t\t\t<div class=\"elementor-element elementor-element-5fd965e elementor-widget elementor-widget-text-editor\" data-id=\"5fd965e\" data-element_type=\"widget\" data-widget_type=\"text-editor.default\">\n\t\t\t\t<div class=\"elementor-widget-container\">\n\t\t\t\t\t\t\t\t\t<p>Il vostro seminario nelle Alpi<\/p>\t\t\t\t\t\t\t\t<\/div>\n\t\t\t\t<\/div>\n\t\t\t\t<div class=\"elementor-element elementor-element-4aba9e9 elementor-align-center elementor-widget elementor-widget-button\" data-id=\"4aba9e9\" data-element_type=\"widget\" data-widget_type=\"button.default\">\n\t\t\t\t<div class=\"elementor-widget-container\">\n\t\t\t\t\t\t\t\t\t<div class=\"elementor-button-wrapper\">\n\t\t\t\t\t<a class=\"elementor-button elementor-button-link elementor-size-sm\" href=\"https:\/\/www.aubergeduchoucas.com\/it\/seminari\/\">\n\t\t\t\t\t\t<span class=\"elementor-button-content-wrapper\">\n\t\t\t\t\t\t\t\t\t<span class=\"elementor-button-text\">Per saperne di pi\u00f9<\/span>\n\t\t\t\t\t<\/span>\n\t\t\t\t\t<\/a>\n\t\t\t\t<\/div>\n\t\t\t\t\t\t\t\t<\/div>\n\t\t\t\t<\/div>\n\t\t\t\t\t<\/div>\n\t\t\t\t<\/div>\n\t\t\t\t\t<\/div>\n\t\t\t\t<\/div>\n\t\t\t\t\t<\/div>\n\t\t\t\t<\/div>\n\t\t<div class=\"elementor-element elementor-element-7e5516d e-flex e-con-boxed e-con e-child\" data-id=\"7e5516d\" data-element_type=\"container\">\n\t\t\t\t\t<div class=\"e-con-inner\">\n\t\t\t\t<div class=\"elementor-element elementor-element-7a40de9 animated-slow elementor-invisible elementor-widget elementor-widget-image\" data-id=\"7a40de9\" data-element_type=\"widget\" data-settings=\"{&quot;_animation&quot;:&quot;fadeIn&quot;,&quot;_animation_delay&quot;:500}\" data-widget_type=\"image.default\">\n\t\t\t\t<div class=\"elementor-widget-container\">\n\t\t\t\t\t\t\t\t\t\t\t\t\t\t\t\t<a href=\"#\">\n\t\t\t\t\t\t\t<img loading=\"lazy\" decoding=\"async\" width=\"784\" height=\"1178\" src=\"https:\/\/www.aubergeduchoucas.com\/wp-content\/uploads\/2023\/10\/IMG_5732.jpg\" class=\"elementor-animation-sink attachment-full size-full wp-image-3700\" alt=\"\" srcset=\"https:\/\/www.aubergeduchoucas.com\/wp-content\/uploads\/2023\/10\/IMG_5732.jpg 784w, https:\/\/www.aubergeduchoucas.com\/wp-content\/uploads\/2023\/10\/IMG_5732-200x300.jpg 200w, https:\/\/www.aubergeduchoucas.com\/wp-content\/uploads\/2023\/10\/IMG_5732-682x1024.jpg 682w, https:\/\/www.aubergeduchoucas.com\/wp-content\/uploads\/2023\/10\/IMG_5732-768x1154.jpg 768w, https:\/\/www.aubergeduchoucas.com\/wp-content\/uploads\/2023\/10\/IMG_5732-8x12.jpg 8w\" sizes=\"(max-width: 784px) 100vw, 784px\" title=\"\">\t\t\t\t\t\t\t\t<\/a>\n\t\t\t\t\t\t\t\t\t\t\t\t\t\t\t<\/div>\n\t\t\t\t<\/div>\n\t\t<div class=\"elementor-element elementor-element-f406ade e-flex e-con-boxed e-con e-child\" data-id=\"f406ade\" data-element_type=\"container\" data-settings=\"{&quot;background_background&quot;:&quot;classic&quot;}\">\n\t\t\t\t\t<div class=\"e-con-inner\">\n\t\t<div class=\"elementor-element elementor-element-8c02520 e-flex e-con-boxed e-con e-child\" data-id=\"8c02520\" data-element_type=\"container\" data-settings=\"{&quot;background_background&quot;:&quot;classic&quot;}\">\n\t\t\t\t\t<div class=\"e-con-inner\">\n\t\t\t\t<div class=\"elementor-element elementor-element-ef00b92 elementor-widget elementor-widget-heading\" data-id=\"ef00b92\" data-element_type=\"widget\" data-widget_type=\"heading.default\">\n\t\t\t\t<div class=\"elementor-widget-container\">\n\t\t\t\t\t<h3 class=\"elementor-heading-title elementor-size-default\">Attivit\u00e0<\/h3>\t\t\t\t<\/div>\n\t\t\t\t<\/div>\n\t\t\t\t<div class=\"elementor-element elementor-element-fa49753 elementor-widget elementor-widget-text-editor\" data-id=\"fa49753\" data-element_type=\"widget\" data-widget_type=\"text-editor.default\">\n\t\t\t\t<div class=\"elementor-widget-container\">\n\t\t\t\t\t\t\t\t\t<p>Tutte le attivit\u00e0 intorno all'hotel<\/p>\t\t\t\t\t\t\t\t<\/div>\n\t\t\t\t<\/div>\n\t\t\t\t<div class=\"elementor-element elementor-element-7c7f9cd elementor-align-center elementor-widget elementor-widget-button\" data-id=\"7c7f9cd\" data-element_type=\"widget\" data-widget_type=\"button.default\">\n\t\t\t\t<div class=\"elementor-widget-container\">\n\t\t\t\t\t\t\t\t\t<div class=\"elementor-button-wrapper\">\n\t\t\t\t\t<a class=\"elementor-button elementor-button-link elementor-size-sm\" href=\"https:\/\/www.aubergeduchoucas.com\/it\/attivita\/\">\n\t\t\t\t\t\t<span class=\"elementor-button-content-wrapper\">\n\t\t\t\t\t\t\t\t\t<span class=\"elementor-button-text\">Per saperne di pi\u00f9<\/span>\n\t\t\t\t\t<\/span>\n\t\t\t\t\t<\/a>\n\t\t\t\t<\/div>\n\t\t\t\t\t\t\t\t<\/div>\n\t\t\t\t<\/div>\n\t\t\t\t\t<\/div>\n\t\t\t\t<\/div>\n\t\t\t\t\t<\/div>\n\t\t\t\t<\/div>\n\t\t\t\t\t<\/div>\n\t\t\t\t<\/div>\n\t\t\t\t\t<\/div>\n\t\t\t\t<\/div>\n\t\t\t\t\t<\/div>\n\t\t\t\t<\/div>\n\t\t\t\t<\/div>","protected":false},"excerpt":{"rendered":"<p>Restaurant La gastronomie au Sommet ! Que ce soit sous les vo\u00fbtes s\u00e9culaires de l\u2019ancienne \u00e9table, ou sur la terrasse du jardin, ar\u00f4mes subtils et saveurs gourmandes se m\u00ealent. Le chef vous propose une cuisine authentique et inventive, \u00e9labor\u00e9e \u00e0 partir de produits frais de qualit\u00e9. Nos recettes de terroir, superbes de classicisme montagnard, donnent [&hellip;]<\/p>","protected":false},"author":7,"featured_media":0,"parent":0,"menu_order":0,"comment_status":"closed","ping_status":"closed","template":"","meta":{"inline_featured_image":false,"footnotes":""},"class_list":["post-61","page","type-page","status-publish","hentry"],"_links":{"self":[{"href":"https:\/\/www.aubergeduchoucas.com\/it\/wp-json\/wp\/v2\/pages\/61","targetHints":{"allow":["GET"]}}],"collection":[{"href":"https:\/\/www.aubergeduchoucas.com\/it\/wp-json\/wp\/v2\/pages"}],"about":[{"href":"https:\/\/www.aubergeduchoucas.com\/it\/wp-json\/wp\/v2\/types\/page"}],"author":[{"embeddable":true,"href":"https:\/\/www.aubergeduchoucas.com\/it\/wp-json\/wp\/v2\/users\/7"}],"replies":[{"embeddable":true,"href":"https:\/\/www.aubergeduchoucas.com\/it\/wp-json\/wp\/v2\/comments?post=61"}],"version-history":[{"count":391,"href":"https:\/\/www.aubergeduchoucas.com\/it\/wp-json\/wp\/v2\/pages\/61\/revisions"}],"predecessor-version":[{"id":4715,"href":"https:\/\/www.aubergeduchoucas.com\/it\/wp-json\/wp\/v2\/pages\/61\/revisions\/4715"}],"wp:attachment":[{"href":"https:\/\/www.aubergeduchoucas.com\/it\/wp-json\/wp\/v2\/media?parent=61"}],"curies":[{"name":"wp","href":"https:\/\/api.w.org\/{rel}","templated":true}]}}