{"id":1693,"date":"2023-09-12T10:45:49","date_gmt":"2023-09-12T08:45:49","guid":{"rendered":"https:\/\/www.aubergeduchoucas.com\/?page_id=1693"},"modified":"2024-04-17T10:16:18","modified_gmt":"2024-04-17T08:16:18","slug":"offerte-speciali-2","status":"publish","type":"page","link":"https:\/\/www.aubergeduchoucas.com\/it\/offerte-speciali-2\/","title":{"rendered":"Offerte speciali"},"content":{"rendered":"<div data-elementor-type=\"wp-page\" data-elementor-id=\"1693\" class=\"elementor elementor-1693\" data-elementor-post-type=\"page\">\n\t\t\t\t<div class=\"elementor-element elementor-element-7792680 e-con-full e-flex e-con e-parent\" data-id=\"7792680\" data-element_type=\"container\" id=\"top\" data-settings=\"{&quot;background_background&quot;:&quot;classic&quot;}\">\n\t\t\t\t<div class=\"elementor-element elementor-element-5b076c7 elementor-widget elementor-widget-heading\" data-id=\"5b076c7\" data-element_type=\"widget\" data-widget_type=\"heading.default\">\n\t\t\t\t<div class=\"elementor-widget-container\">\n\t\t\t\t\t<h1 class=\"elementor-heading-title elementor-size-default\">Offerte speciali<\/h1>\t\t\t\t<\/div>\n\t\t\t\t<\/div>\n\t\t\t\t<\/div>\n\t\t<div class=\"elementor-element elementor-element-4d4acbb e-flex e-con-boxed e-con e-parent\" data-id=\"4d4acbb\" data-element_type=\"container\" id=\"first-content\">\n\t\t\t\t\t<div class=\"e-con-inner\">\n\t\t\t\t<div class=\"elementor-element elementor-element-5b6bd87 elementor-widget elementor-widget-heading\" data-id=\"5b6bd87\" data-element_type=\"widget\" data-widget_type=\"heading.default\">\n\t\t\t\t<div class=\"elementor-widget-container\">\n\t\t\t\t\t<h2 class=\"elementor-heading-title elementor-size-default\">Offerte speciali<\/h2>\t\t\t\t<\/div>\n\t\t\t\t<\/div>\n\t\t\t\t<div class=\"elementor-element elementor-element-30470c4 elementor-widget-divider--view-line_icon elementor-view-default elementor-widget-divider--element-align-center elementor-widget elementor-widget-global elementor-global-364 elementor-widget-divider\" data-id=\"30470c4\" data-element_type=\"widget\" data-widget_type=\"divider.default\">\n\t\t\t\t<div class=\"elementor-widget-container\">\n\t\t\t\t\t\t\t<div class=\"elementor-divider\">\n\t\t\t<span class=\"elementor-divider-separator\">\n\t\t\t\t\t\t\t<div class=\"elementor-icon elementor-divider__element\">\n\t\t\t\t\t<i aria-hidden=\"true\" class=\"eliofont eliofont-mountain-nearby\"><\/i><\/div>\n\t\t\t\t\t\t<\/span>\n\t\t<\/div>\n\t\t\t\t\t\t<\/div>\n\t\t\t\t<\/div>\n\t\t\t\t\t<\/div>\n\t\t\t\t<\/div>\n\t\t<div class=\"elementor-element elementor-element-406b445 e-flex e-con-boxed e-con e-parent\" data-id=\"406b445\" data-element_type=\"container\">\n\t\t\t\t\t<div class=\"e-con-inner\">\n\t\t\t\t<div class=\"elementor-element elementor-element-375cca2 elementor-pagination-type-bullets elementor-grid-3 elementor-grid-tablet-2 elementor-grid-mobile-1 elementor-arrows-position-inside elementor-widget elementor-widget-offers-list\" data-id=\"375cca2\" data-element_type=\"widget\" data-settings=\"{&quot;element_skin&quot;:&quot;card&quot;,&quot;space_between&quot;:{&quot;unit&quot;:&quot;px&quot;,&quot;size&quot;:10,&quot;sizes&quot;:[]},&quot;space_between_tablet&quot;:{&quot;unit&quot;:&quot;px&quot;,&quot;size&quot;:10,&quot;sizes&quot;:[]},&quot;space_between_mobile&quot;:{&quot;unit&quot;:&quot;px&quot;,&quot;size&quot;:10,&quot;sizes&quot;:[]},&quot;effect&quot;:&quot;slide&quot;,&quot;autoplay&quot;:&quot;no&quot;,&quot;swiper_arrows&quot;:&quot;yes&quot;,&quot;chevrons_visible&quot;:&quot;hover&quot;,&quot;cursor_grab&quot;:&quot;yes&quot;,&quot;carousel_first_only&quot;:&quot;no&quot;,&quot;infinite&quot;:&quot;yes&quot;,&quot;pagination&quot;:&quot;bullets&quot;,&quot;categories_filter&quot;:[&quot;*&quot;],&quot;item_ignore_filter&quot;:[],&quot;validity_date_format&quot;:&quot;long&quot;,&quot;cards_columns&quot;:&quot;3&quot;,&quot;cards_columns_tablet&quot;:&quot;2&quot;,&quot;cards_columns_mobile&quot;:&quot;1&quot;,&quot;row_gap&quot;:{&quot;unit&quot;:&quot;px&quot;,&quot;size&quot;:35,&quot;sizes&quot;:[]}}\" data-widget_type=\"offers-list.default\">\n\t\t\t\t<div class=\"elementor-widget-container\">\n\t\t\t\t\t                        <div class=\"eliophot-offers eliophot-offers__wrapper eliophot-base-list elementor-grid\">\n                    <input type=\"hidden\" class=\"api_id\" value=\"\">\n                            <div\n                class=\"eliophot-offer__container eliophot-base-list__container elementor-grid-item   eliophot-offer__skin-card eliophot-offer_ID_404\"\n                data-category=\"\"\n                data-title = \"L\u2019ECHAPPEE DU BONHEUR (\u00e0 deux !)\"\n                data-name = \"l-echappee-du-bonheur-a-deux\"\n        >\n            \n        <div class=\"eliophot-carousel__slider elementor-swiper\">\n\n                            <div class=\"eliophot-carousel-wrapper elementor-main-swiper swiper\">\n                    <div class=\"elementor-image-carousel swiper-wrapper swiper-image-stretch\">\n                        <!-- Slides -->\n                                                    <div class=\"swiper-slide\">\n                                <div class=\"elementor-carousel-image slide-0-image\" style=\"background-image: url('https:\/\/www.aubergeduchoucas.com\/wp-content\/uploads\/2023\/10\/260030_2741_186mp.jpg');\"><\/div>\n                                <link itemprop=\"image\" href=\"https:\/\/www.aubergeduchoucas.com\/wp-content\/uploads\/2023\/10\/260030_2741_186mp.jpg\" \/>\n                            <\/div>\n                                                    <div class=\"swiper-slide\">\n                                <div class=\"elementor-carousel-image slide-1-image\" style=\"background-image: url('https:\/\/www.aubergeduchoucas.com\/wp-content\/uploads\/2023\/10\/260030_2741_055mp.jpg');\"><\/div>\n                                <link itemprop=\"image\" href=\"https:\/\/www.aubergeduchoucas.com\/wp-content\/uploads\/2023\/10\/260030_2741_055mp.jpg\" \/>\n                            <\/div>\n                                            <\/div>\n\n                                                            <div class=\"swiper-pagination swiper-pagination-bullets\"><\/div>\n                                                                <!-- If we need navigation buttons -->\n                        <div class=\"elementor-swiper-button elementor-swiper-button-prev eliophot-carousel-chevron-hover\">\n                            <i aria-hidden=\"true\" class=\"eicon-chevron-left\"><\/i>                            <span class=\"elementor-screen-only\"><\/span>\n                        <\/div>\n                        <div class=\"elementor-swiper-button elementor-swiper-button-next eliophot-carousel-chevron-hover\">\n                            <i aria-hidden=\"true\" class=\"eicon-chevron-right\"><\/i>                            <span class=\"elementor-screen-only\"><\/span>\n                        <\/div>\n                                    \n                <\/div>\n            \n        <\/div>\n        <div class=\"eliophot-offer__group\">            <div class=\"eliophot-offer__body\">\n                        <!-- TODO: if page link enabled -->\n        <h3 class=\"eliophot-offer__title\">\n            <span class=\"title_before\"><\/span>\n            <a  href=\"https:\/\/www.aubergeduchoucas.com\/it\/offerte-speciali-2\/lechappee-du-bonheur-a-deux-2\/\">\n                            L'ECHAPPEE DU BONHEUR (per due persone!)            <\/a>\n        <\/h3>\n                    <div class=\"eliophot-offer__summary\">\n                <p\n                                    >\n                    Mezza pensione gratuita per soggiorni di 2 notti con prima colazione, dalla domenica al marted\u00ec mattina (esclusi i fine settimana e le vacanze scolastiche).                <\/p>\n            <\/div>\n                        <\/div>\n\n            \n        <div class=\"eliophot-offer__cta\" itemprop=\"offers\" itemscope itemtype=\"https:\/\/schema.org\/Offer\">\n            <div class=\"eliophot-offer__cta_container\">\n                                    <input type=\"hidden\" name=\"id_offer\" value=\"404\"\/>\n                    <div class=\"eliophot-offer__cta_title\" itemprop=\"priceSpecification\" itemscope itemtype=\"https:\/\/schema.org\/UnitPriceSpecification\">\n                                            <\/div>\n\n                                <div class=\"eliophot-offer__cta_buttons\">\n                \n                                    <\/div>\n            <\/div>\n        <\/div>\n                    <\/div>        <\/div>\n                <div\n                class=\"eliophot-offer__container eliophot-base-list__container elementor-grid-item   eliophot-offer__skin-card eliophot-offer_ID_4195\"\n                data-category=\"\"\n                data-title = \"LE QUATRAIN DES FIDELES\"\n                data-name = \"le-quatrain-des-fideles\"\n        >\n            \n        <div class=\"eliophot-carousel__slider elementor-swiper\">\n\n                            <div class=\"eliophot-carousel-wrapper elementor-main-swiper swiper\">\n                    <div class=\"elementor-image-carousel swiper-wrapper swiper-image-stretch\">\n                        <!-- Slides -->\n                                                    <div class=\"swiper-slide\">\n                                <div class=\"elementor-carousel-image slide-0-image\" style=\"background-image: url('https:\/\/www.aubergeduchoucas.com\/wp-content\/uploads\/2023\/10\/260030_2741_023mp-1.jpg');\"><\/div>\n                                <link itemprop=\"image\" href=\"https:\/\/www.aubergeduchoucas.com\/wp-content\/uploads\/2023\/10\/260030_2741_023mp-1.jpg\" \/>\n                            <\/div>\n                                            <\/div>\n\n                \n                <\/div>\n            \n        <\/div>\n        <div class=\"eliophot-offer__group\">            <div class=\"eliophot-offer__body\">\n                        <!-- TODO: if page link enabled -->\n        <h3 class=\"eliophot-offer__title\">\n            <span class=\"title_before\"><\/span>\n            <a  href=\"https:\/\/www.aubergeduchoucas.com\/it\/offerte-speciali-2\/la-quartina-dei-fedeli\/\">\n                            LA QUARTINA DEI FEDELI            <\/a>\n        <\/h3>\n                    <div class=\"eliophot-offer__summary\">\n                <p\n                                    >\n                    Quattro giorni in mezza pensione al prezzo di tre, dalla domenica al gioved\u00ec mattina, esclusi i fine settimana e le vacanze scolastiche.                <\/p>\n            <\/div>\n                        <\/div>\n\n            \n        <div class=\"eliophot-offer__cta\" itemprop=\"offers\" itemscope itemtype=\"https:\/\/schema.org\/Offer\">\n            <div class=\"eliophot-offer__cta_container\">\n                                    <input type=\"hidden\" name=\"id_offer\" value=\"4195\"\/>\n                    <div class=\"eliophot-offer__cta_title\" itemprop=\"priceSpecification\" itemscope itemtype=\"https:\/\/schema.org\/UnitPriceSpecification\">\n                                            <\/div>\n\n                                <div class=\"eliophot-offer__cta_buttons\">\n                \n                                    <\/div>\n            <\/div>\n        <\/div>\n                    <\/div>        <\/div>\n                        <\/div>\n\n                \t\t\t\t<\/div>\n\t\t\t\t<\/div>\n\t\t\t\t\t<\/div>\n\t\t\t\t<\/div>\n\t\t\t\t<\/div>","protected":false},"excerpt":{"rendered":"<p>Offres sp\u00e9ciales Offres sp\u00e9ciales GRAND CHARME DE HAUTE TRADITION\u2026 A PETIT PRIX R\u00e9servez un s\u00e9jour de cinq jours en demi-pension. Nous serons heureux de vous offrir le dernier jour. Offre valable hors week-ends et hors vacances scolaires. L\u2019ECHAPPEE DU BONHEUR (\u00e0 deux !) Demi-pension offerte pour les s\u00e9jours de 2 nuits avec petit-d\u00e9jeuner, du dimanche [&hellip;]<\/p>","protected":false},"author":13,"featured_media":0,"parent":0,"menu_order":0,"comment_status":"closed","ping_status":"closed","template":"","meta":{"inline_featured_image":false,"footnotes":""},"class_list":["post-1693","page","type-page","status-publish","hentry"],"_links":{"self":[{"href":"https:\/\/www.aubergeduchoucas.com\/it\/wp-json\/wp\/v2\/pages\/1693","targetHints":{"allow":["GET"]}}],"collection":[{"href":"https:\/\/www.aubergeduchoucas.com\/it\/wp-json\/wp\/v2\/pages"}],"about":[{"href":"https:\/\/www.aubergeduchoucas.com\/it\/wp-json\/wp\/v2\/types\/page"}],"author":[{"embeddable":true,"href":"https:\/\/www.aubergeduchoucas.com\/it\/wp-json\/wp\/v2\/users\/13"}],"replies":[{"embeddable":true,"href":"https:\/\/www.aubergeduchoucas.com\/it\/wp-json\/wp\/v2\/comments?post=1693"}],"version-history":[{"count":142,"href":"https:\/\/www.aubergeduchoucas.com\/it\/wp-json\/wp\/v2\/pages\/1693\/revisions"}],"predecessor-version":[{"id":4595,"href":"https:\/\/www.aubergeduchoucas.com\/it\/wp-json\/wp\/v2\/pages\/1693\/revisions\/4595"}],"wp:attachment":[{"href":"https:\/\/www.aubergeduchoucas.com\/it\/wp-json\/wp\/v2\/media?parent=1693"}],"curies":[{"name":"wp","href":"https:\/\/api.w.org\/{rel}","templated":true}]}}