{"id":65,"date":"2023-06-02T12:14:06","date_gmt":"2023-06-02T10:14:06","guid":{"rendered":"https:\/\/www.aubergeduchoucas.com\/?page_id=65"},"modified":"2025-01-22T15:18:22","modified_gmt":"2025-01-22T14:18:22","slug":"activities","status":"publish","type":"page","link":"https:\/\/www.aubergeduchoucas.com\/en\/activities\/","title":{"rendered":"Activities"},"content":{"rendered":"<div data-elementor-type=\"wp-page\" data-elementor-id=\"65\" class=\"elementor elementor-65\" data-elementor-post-type=\"page\">\n\t\t\t\t<div class=\"elementor-element elementor-element-0607392 e-con-full e-flex e-con e-parent\" data-id=\"0607392\" data-element_type=\"container\" id=\"top\" data-settings=\"{&quot;background_background&quot;:&quot;classic&quot;}\">\n\t\t\t\t<div class=\"elementor-element elementor-element-c89cb80 elementor-widget elementor-widget-heading\" data-id=\"c89cb80\" data-element_type=\"widget\" data-widget_type=\"heading.default\">\n\t\t\t\t<div class=\"elementor-widget-container\">\n\t\t\t\t\t<h1 class=\"elementor-heading-title elementor-size-default\">Activities<\/h1>\t\t\t\t<\/div>\n\t\t\t\t<\/div>\n\t\t\t\t<\/div>\n\t\t<div class=\"elementor-element elementor-element-6c20ddd e-flex e-con-boxed e-con e-parent\" data-id=\"6c20ddd\" data-element_type=\"container\">\n\t\t\t\t\t<div class=\"e-con-inner\">\n\t\t<div class=\"elementor-element elementor-element-b384b63 e-flex e-con-boxed e-con e-child\" data-id=\"b384b63\" data-element_type=\"container\" data-settings=\"{&quot;background_background&quot;:&quot;classic&quot;}\">\n\t\t\t\t\t<div class=\"e-con-inner\">\n\t\t<div class=\"elementor-element elementor-element-fe24751 e-con-full e-flex e-con e-child\" data-id=\"fe24751\" data-element_type=\"container\">\n\t\t<div class=\"elementor-element elementor-element-02439e9 e-con-full e-flex e-con e-child\" data-id=\"02439e9\" data-element_type=\"container\">\n\t\t\t\t<div class=\"elementor-element elementor-element-5f892f4 elementor-widget elementor-widget-heading\" data-id=\"5f892f4\" data-element_type=\"widget\" data-widget_type=\"heading.default\">\n\t\t\t\t<div class=\"elementor-widget-container\">\n\t\t\t\t\t<h3 class=\"elementor-heading-title elementor-size-default\">Le Mon\u00eatier-Les-Bains<\/h3>\t\t\t\t<\/div>\n\t\t\t\t<\/div>\n\t\t\t\t<div class=\"elementor-element elementor-element-ba15f1c elementor-widget elementor-widget-text-editor\" data-id=\"ba15f1c\" data-element_type=\"widget\" data-widget_type=\"text-editor.default\">\n\t\t\t\t<div class=\"elementor-widget-container\">\n\t\t\t\t\t\t\t\t\t<p>The charm of an authentic Haute-Alpes village that has preserved its architecture, traditions and peace and quiet, where it's good to live, breathe in the extraordinarily pure air of the Brian\u00e7onnais, and recharge your batteries at the Grands Bains Thermaux (4,500 m\u00b2 dedicated to relaxation: natural hot water baths with active ingredients (44\u00b0c), SPA, beauty salon) located 200 m from the Auberge du Choucas. Shuttle bus to the ski slopes, 450 m from the Auberge, 30 m away.<\/p>\t\t\t\t\t\t\t\t<\/div>\n\t\t\t\t<\/div>\n\t\t\t\t<\/div>\n\t\t\t\t<\/div>\n\t\t<div class=\"elementor-element elementor-element-d38f1c6 e-con-full e-flex e-con e-child\" data-id=\"d38f1c6\" data-element_type=\"container\" data-settings=\"{&quot;background_background&quot;:&quot;classic&quot;}\">\n\t\t\t\t<\/div>\n\t\t\t\t\t<\/div>\n\t\t\t\t<\/div>\n\t\t\t\t\t<\/div>\n\t\t\t\t<\/div>\n\t\t<div class=\"elementor-element elementor-element-625f77d e-flex e-con-boxed e-con e-parent\" data-id=\"625f77d\" data-element_type=\"container\">\n\t\t\t\t\t<div class=\"e-con-inner\">\n\t\t<div class=\"elementor-element elementor-element-f837b45 e-flex e-con-boxed e-con e-child\" data-id=\"f837b45\" data-element_type=\"container\" data-settings=\"{&quot;background_background&quot;:&quot;classic&quot;}\">\n\t\t\t\t\t<div class=\"e-con-inner\">\n\t\t<div class=\"elementor-element elementor-element-61f8089 e-con-full e-flex e-con e-child\" data-id=\"61f8089\" data-element_type=\"container\" data-settings=\"{&quot;background_background&quot;:&quot;classic&quot;}\">\n\t\t\t\t<\/div>\n\t\t<div class=\"elementor-element elementor-element-e8ce8ce e-con-full e-flex e-con e-child\" data-id=\"e8ce8ce\" data-element_type=\"container\">\n\t\t<div class=\"elementor-element elementor-element-470228a e-con-full e-flex e-con e-child\" data-id=\"470228a\" data-element_type=\"container\">\n\t\t\t\t<div class=\"elementor-element elementor-element-40b103d elementor-widget elementor-widget-heading\" data-id=\"40b103d\" data-element_type=\"widget\" data-widget_type=\"heading.default\">\n\t\t\t\t<div class=\"elementor-widget-container\">\n\t\t\t\t\t<h3 class=\"elementor-heading-title elementor-size-default\">Serre-Chevalier-Vall\u00e9e<\/h3>\t\t\t\t<\/div>\n\t\t\t\t<\/div>\n\t\t\t\t<div class=\"elementor-element elementor-element-68b60ed elementor-widget elementor-widget-text-editor\" data-id=\"68b60ed\" data-element_type=\"widget\" data-widget_type=\"text-editor.default\">\n\t\t\t\t<div class=\"elementor-widget-container\">\n\t\t\t\t\t\t\t\t\t<p>The Serre-Chevalier Vall\u00e9e ski area, one of the largest in Europe, comprises four village resorts on the edge of the Ecrins mountains. It offers 250 km of pistes, at altitudes of between 1,200 and 2,830 m. From forest to secret coombs, from couloirs to large fields of powder, there's something for every taste and level! On the borders of the Northern Alps and Savoie, right in the heart of the Grandes Alpes, the Serre-Chevalier area is a magical mountain, with thirteen authentic villages and hamlets dotted around the edge of the Ecrins National Park, at the gateway to the wild Oisans region. Here you can enjoy a wide range of winter and summer sports: downhill skiing, ski touring, cross-country skiing, medium and high mountain hiking, rock climbing, paragliding, cycling\/ mountain biking, white water sports, horse riding, tennis, fishing...<\/p>\t\t\t\t\t\t\t\t<\/div>\n\t\t\t\t<\/div>\n\t\t\t\t<\/div>\n\t\t\t\t<\/div>\n\t\t\t\t\t<\/div>\n\t\t\t\t<\/div>\n\t\t\t\t\t<\/div>\n\t\t\t\t<\/div>\n\t\t<div class=\"elementor-element elementor-element-8e2eb36 e-flex e-con-boxed e-con e-parent\" data-id=\"8e2eb36\" data-element_type=\"container\">\n\t\t\t\t\t<div class=\"e-con-inner\">\n\t\t<div class=\"elementor-element elementor-element-b03716c e-flex e-con-boxed e-con e-child\" data-id=\"b03716c\" data-element_type=\"container\" data-settings=\"{&quot;background_background&quot;:&quot;classic&quot;}\">\n\t\t\t\t\t<div class=\"e-con-inner\">\n\t\t<div class=\"elementor-element elementor-element-bc79110 e-con-full e-flex e-con e-child\" data-id=\"bc79110\" data-element_type=\"container\">\n\t\t<div class=\"elementor-element elementor-element-38cc3e6 e-con-full e-flex e-con e-child\" data-id=\"38cc3e6\" data-element_type=\"container\">\n\t\t\t\t<div class=\"elementor-element elementor-element-c7fff08 elementor-widget elementor-widget-heading\" data-id=\"c7fff08\" data-element_type=\"widget\" data-widget_type=\"heading.default\">\n\t\t\t\t<div class=\"elementor-widget-container\">\n\t\t\t\t\t<h3 class=\"elementor-heading-title elementor-size-default\">Brian\u00e7on<\/h3>\t\t\t\t<\/div>\n\t\t\t\t<\/div>\n\t\t\t\t<div class=\"elementor-element elementor-element-af023ca elementor-widget elementor-widget-text-editor\" data-id=\"af023ca\" data-element_type=\"widget\" data-widget_type=\"text-editor.default\">\n\t\t\t\t<div class=\"elementor-widget-container\">\n\t\t\t\t\t\t\t\t\t<p>\"It's the highest town in Europe (1,326 m). A \"Town of Art and History\" listed as a UNESCO World Heritage Site, it proudly displays the fortifications and works of the genius Vauban, which give it its jewel-like appearance in a setting of mountains that rise up around it \"like white emperors\". Dominated by its citadel, it retains the appearance it had under Louis XIV, with its narrow streets and gargoyles. Its colourful facades and caf\u00e9 terraces give it a contemporary, southern feel that is much sought-after by tourists from all over the world! A casino spices up its artistic vocation.<\/p>\t\t\t\t\t\t\t\t<\/div>\n\t\t\t\t<\/div>\n\t\t\t\t<\/div>\n\t\t\t\t<\/div>\n\t\t<div class=\"elementor-element elementor-element-ce4c334 e-con-full e-flex e-con e-child\" data-id=\"ce4c334\" data-element_type=\"container\" data-settings=\"{&quot;background_background&quot;:&quot;classic&quot;}\">\n\t\t\t\t<\/div>\n\t\t\t\t\t<\/div>\n\t\t\t\t<\/div>\n\t\t\t\t\t<\/div>\n\t\t\t\t<\/div>\n\t\t<div class=\"elementor-element elementor-element-197dedd e-flex e-con-boxed e-con e-parent\" data-id=\"197dedd\" data-element_type=\"container\">\n\t\t\t\t\t<div class=\"e-con-inner\">\n\t\t<div class=\"elementor-element elementor-element-fbe4296 e-flex e-con-boxed e-con e-child\" data-id=\"fbe4296\" data-element_type=\"container\" data-settings=\"{&quot;background_background&quot;:&quot;classic&quot;}\">\n\t\t\t\t\t<div class=\"e-con-inner\">\n\t\t<div class=\"elementor-element elementor-element-2684f90 e-con-full e-flex e-con e-child\" data-id=\"2684f90\" data-element_type=\"container\" data-settings=\"{&quot;background_background&quot;:&quot;classic&quot;}\">\n\t\t\t\t<\/div>\n\t\t<div class=\"elementor-element elementor-element-c63c164 e-con-full e-flex e-con e-child\" data-id=\"c63c164\" data-element_type=\"container\">\n\t\t<div class=\"elementor-element elementor-element-b63a551 e-con-full e-flex e-con e-child\" data-id=\"b63a551\" data-element_type=\"container\">\n\t\t\t\t<div class=\"elementor-element elementor-element-2ab7fab elementor-widget elementor-widget-heading\" data-id=\"2ab7fab\" data-element_type=\"widget\" data-widget_type=\"heading.default\">\n\t\t\t\t<div class=\"elementor-widget-container\">\n\t\t\t\t\t<h3 class=\"elementor-heading-title elementor-size-default\">The surrounding area<\/h3>\t\t\t\t<\/div>\n\t\t\t\t<\/div>\n\t\t\t\t<div class=\"elementor-element elementor-element-8fcf902 elementor-widget elementor-widget-text-editor\" data-id=\"8fcf902\" data-element_type=\"widget\" data-widget_type=\"text-editor.default\">\n\t\t\t\t<div class=\"elementor-widget-container\">\n\t\t\t\t\t\t\t\t\t<p>A \"star under the sun\", the Brian\u00e7onnais region extends over 1000 km\u00b2, along four valleys arranged in a star shape from its centre, Brian\u00e7on. Surrounding it is a fiefdom of majestic high-altitude mountains, protected by a battalion of immaculate peaks and glaciers: a dazzling display of celestial light and intense colour as Nature, splendid and pure, strong and violent, reveals all her poetic wildness. A marvel for the eyes, the mind and the heart.<br \/>The driest, sunniest climate in the European Alps. Welcoming valleys, marked by the imprint of man and his history - a host of churches, chapels and sundials. Mythical mountain passes, a world-famous cycling mecca and the most famous stage in the Tour de France. Superb fauna, such as the mouflon, prince of the precipices. A flora whose rare richness equals its discretion.<br \/>Endlessly endearing, it's also a land of legends... \"All countries that no longer have legends are condemned to die of cold\". Any country that no longer has legends is doomed to freeze to death.\u00a0\u00a0<em>Patrice de la Tour du Pin<\/em><\/p>\t\t\t\t\t\t\t\t<\/div>\n\t\t\t\t<\/div>\n\t\t\t\t<\/div>\n\t\t\t\t<\/div>\n\t\t\t\t\t<\/div>\n\t\t\t\t<\/div>\n\t\t\t\t\t<\/div>\n\t\t\t\t<\/div>\n\t\t<div class=\"elementor-element elementor-element-228fb62 e-flex e-con-boxed e-con e-parent\" data-id=\"228fb62\" data-element_type=\"container\">\n\t\t\t\t\t<div class=\"e-con-inner\">\n\t\t\t\t<div class=\"elementor-element elementor-element-0dea61e elementor-widget elementor-widget-heading\" data-id=\"0dea61e\" data-element_type=\"widget\" data-widget_type=\"heading.default\">\n\t\t\t\t<div class=\"elementor-widget-container\">\n\t\t\t\t\t<h2 class=\"elementor-heading-title elementor-size-default\">Discover also<\/h2>\t\t\t\t<\/div>\n\t\t\t\t<\/div>\n\t\t\t\t<div class=\"elementor-element elementor-element-3b52542 elementor-widget-divider--view-line_icon elementor-view-default elementor-widget-divider--element-align-center elementor-widget elementor-widget-global elementor-global-364 elementor-widget-divider\" data-id=\"3b52542\" data-element_type=\"widget\" data-widget_type=\"divider.default\">\n\t\t\t\t<div class=\"elementor-widget-container\">\n\t\t\t\t\t\t\t<div class=\"elementor-divider\">\n\t\t\t<span class=\"elementor-divider-separator\">\n\t\t\t\t\t\t\t<div class=\"elementor-icon elementor-divider__element\">\n\t\t\t\t\t<i aria-hidden=\"true\" class=\"eliofont eliofont-mountain-nearby\"><\/i><\/div>\n\t\t\t\t\t\t<\/span>\n\t\t<\/div>\n\t\t\t\t\t\t<\/div>\n\t\t\t\t<\/div>\n\t\t<div class=\"elementor-element elementor-element-e6f0a3a e-flex e-con-boxed e-con e-child\" data-id=\"e6f0a3a\" data-element_type=\"container\">\n\t\t\t\t\t<div class=\"e-con-inner\">\n\t\t<div class=\"elementor-element elementor-element-9b667f3 e-flex e-con-boxed e-con e-child\" data-id=\"9b667f3\" data-element_type=\"container\">\n\t\t\t\t\t<div class=\"e-con-inner\">\n\t\t\t\t<div class=\"elementor-element elementor-element-634d3d2 animated-slow elementor-invisible elementor-widget elementor-widget-image\" data-id=\"634d3d2\" data-element_type=\"widget\" data-settings=\"{&quot;_animation&quot;:&quot;fadeIn&quot;,&quot;_animation_delay&quot;:500}\" data-widget_type=\"image.default\">\n\t\t\t\t<div class=\"elementor-widget-container\">\n\t\t\t\t\t\t\t\t\t\t\t\t\t\t\t\t<a href=\"#\">\n\t\t\t\t\t\t\t<img fetchpriority=\"high\" decoding=\"async\" width=\"1620\" height=\"1080\" src=\"https:\/\/www.aubergeduchoucas.com\/wp-content\/uploads\/2023\/10\/auberge-du-choucas-242-exterieur-1-\u00a9ChateauxetHotelsCollection-1.jpg\" class=\"elementor-animation-sink attachment-full size-full wp-image-3957\" alt=\"\" srcset=\"https:\/\/www.aubergeduchoucas.com\/wp-content\/uploads\/2023\/10\/auberge-du-choucas-242-exterieur-1-\u00a9ChateauxetHotelsCollection-1.jpg 1620w, https:\/\/www.aubergeduchoucas.com\/wp-content\/uploads\/2023\/10\/auberge-du-choucas-242-exterieur-1-\u00a9ChateauxetHotelsCollection-1-300x200.jpg 300w, https:\/\/www.aubergeduchoucas.com\/wp-content\/uploads\/2023\/10\/auberge-du-choucas-242-exterieur-1-\u00a9ChateauxetHotelsCollection-1-1024x683.jpg 1024w, https:\/\/www.aubergeduchoucas.com\/wp-content\/uploads\/2023\/10\/auberge-du-choucas-242-exterieur-1-\u00a9ChateauxetHotelsCollection-1-768x512.jpg 768w, https:\/\/www.aubergeduchoucas.com\/wp-content\/uploads\/2023\/10\/auberge-du-choucas-242-exterieur-1-\u00a9ChateauxetHotelsCollection-1-1536x1024.jpg 1536w, https:\/\/www.aubergeduchoucas.com\/wp-content\/uploads\/2023\/10\/auberge-du-choucas-242-exterieur-1-\u00a9ChateauxetHotelsCollection-1-18x12.jpg 18w\" sizes=\"(max-width: 1620px) 100vw, 1620px\" title=\"\">\t\t\t\t\t\t\t\t<\/a>\n\t\t\t\t\t\t\t\t\t\t\t\t\t\t\t<\/div>\n\t\t\t\t<\/div>\n\t\t<div class=\"elementor-element elementor-element-6f39212 e-flex e-con-boxed e-con e-child\" data-id=\"6f39212\" data-element_type=\"container\" data-settings=\"{&quot;background_background&quot;:&quot;classic&quot;}\">\n\t\t\t\t\t<div class=\"e-con-inner\">\n\t\t<div class=\"elementor-element elementor-element-f1dca1f e-flex e-con-boxed e-con e-child\" data-id=\"f1dca1f\" data-element_type=\"container\" data-settings=\"{&quot;background_background&quot;:&quot;classic&quot;}\">\n\t\t\t\t\t<div class=\"e-con-inner\">\n\t\t\t\t<div class=\"elementor-element elementor-element-4314d9b elementor-widget elementor-widget-heading\" data-id=\"4314d9b\" data-element_type=\"widget\" data-widget_type=\"heading.default\">\n\t\t\t\t<div class=\"elementor-widget-container\">\n\t\t\t\t\t<h3 class=\"elementor-heading-title elementor-size-default\">Hotel<\/h3>\t\t\t\t<\/div>\n\t\t\t\t<\/div>\n\t\t\t\t<div class=\"elementor-element elementor-element-c4489ae elementor-widget elementor-widget-text-editor\" data-id=\"c4489ae\" data-element_type=\"widget\" data-widget_type=\"text-editor.default\">\n\t\t\t\t<div class=\"elementor-widget-container\">\n\t\t\t\t\t\t\t\t\t<p>Discover our hotel in the Alps<\/p>\t\t\t\t\t\t\t\t<\/div>\n\t\t\t\t<\/div>\n\t\t\t\t<div class=\"elementor-element elementor-element-fb9d8e6 elementor-align-center elementor-widget elementor-widget-button\" data-id=\"fb9d8e6\" data-element_type=\"widget\" data-widget_type=\"button.default\">\n\t\t\t\t<div class=\"elementor-widget-container\">\n\t\t\t\t\t\t\t\t\t<div class=\"elementor-button-wrapper\">\n\t\t\t\t\t<a class=\"elementor-button elementor-button-link elementor-size-sm\" href=\"https:\/\/www.aubergeduchoucas.com\/en\/\">\n\t\t\t\t\t\t<span class=\"elementor-button-content-wrapper\">\n\t\t\t\t\t\t\t\t\t<span class=\"elementor-button-text\">See more<\/span>\n\t\t\t\t\t<\/span>\n\t\t\t\t\t<\/a>\n\t\t\t\t<\/div>\n\t\t\t\t\t\t\t\t<\/div>\n\t\t\t\t<\/div>\n\t\t\t\t\t<\/div>\n\t\t\t\t<\/div>\n\t\t\t\t\t<\/div>\n\t\t\t\t<\/div>\n\t\t\t\t\t<\/div>\n\t\t\t\t<\/div>\n\t\t<div class=\"elementor-element elementor-element-e3520c7 e-flex e-con-boxed e-con e-child\" data-id=\"e3520c7\" data-element_type=\"container\">\n\t\t\t\t\t<div class=\"e-con-inner\">\n\t\t\t\t<div class=\"elementor-element elementor-element-d578b9a animated-slow elementor-invisible elementor-widget elementor-widget-image\" data-id=\"d578b9a\" data-element_type=\"widget\" data-settings=\"{&quot;_animation&quot;:&quot;fadeIn&quot;,&quot;_animation_delay&quot;:500}\" data-widget_type=\"image.default\">\n\t\t\t\t<div class=\"elementor-widget-container\">\n\t\t\t\t\t\t\t\t\t\t\t\t\t\t\t\t<a href=\"#\">\n\t\t\t\t\t\t\t<img decoding=\"async\" width=\"1620\" height=\"1080\" src=\"https:\/\/www.aubergeduchoucas.com\/wp-content\/uploads\/2023\/10\/260030_2741_040mp-1.jpg\" class=\"elementor-animation-sink attachment-full size-full wp-image-3965\" alt=\"\" srcset=\"https:\/\/www.aubergeduchoucas.com\/wp-content\/uploads\/2023\/10\/260030_2741_040mp-1.jpg 1620w, https:\/\/www.aubergeduchoucas.com\/wp-content\/uploads\/2023\/10\/260030_2741_040mp-1-300x200.jpg 300w, https:\/\/www.aubergeduchoucas.com\/wp-content\/uploads\/2023\/10\/260030_2741_040mp-1-1024x683.jpg 1024w, https:\/\/www.aubergeduchoucas.com\/wp-content\/uploads\/2023\/10\/260030_2741_040mp-1-768x512.jpg 768w, https:\/\/www.aubergeduchoucas.com\/wp-content\/uploads\/2023\/10\/260030_2741_040mp-1-1536x1024.jpg 1536w, https:\/\/www.aubergeduchoucas.com\/wp-content\/uploads\/2023\/10\/260030_2741_040mp-1-18x12.jpg 18w\" sizes=\"(max-width: 1620px) 100vw, 1620px\" title=\"\">\t\t\t\t\t\t\t\t<\/a>\n\t\t\t\t\t\t\t\t\t\t\t\t\t\t\t<\/div>\n\t\t\t\t<\/div>\n\t\t<div class=\"elementor-element elementor-element-9dc1475 e-flex e-con-boxed e-con e-child\" data-id=\"9dc1475\" data-element_type=\"container\" data-settings=\"{&quot;background_background&quot;:&quot;classic&quot;}\">\n\t\t\t\t\t<div class=\"e-con-inner\">\n\t\t<div class=\"elementor-element elementor-element-5b80ac2 e-flex e-con-boxed e-con e-child\" data-id=\"5b80ac2\" data-element_type=\"container\" data-settings=\"{&quot;background_background&quot;:&quot;classic&quot;}\">\n\t\t\t\t\t<div class=\"e-con-inner\">\n\t\t\t\t<div class=\"elementor-element elementor-element-57c3132 elementor-widget elementor-widget-heading\" data-id=\"57c3132\" data-element_type=\"widget\" data-widget_type=\"heading.default\">\n\t\t\t\t<div class=\"elementor-widget-container\">\n\t\t\t\t\t<h3 class=\"elementor-heading-title elementor-size-default\">Accommodation<\/h3>\t\t\t\t<\/div>\n\t\t\t\t<\/div>\n\t\t\t\t<div class=\"elementor-element elementor-element-6a2afac elementor-widget elementor-widget-text-editor\" data-id=\"6a2afac\" data-element_type=\"widget\" data-widget_type=\"text-editor.default\">\n\t\t\t\t<div class=\"elementor-widget-container\">\n\t\t\t\t\t\t\t\t\t<p>Discover our rooms and our Chalet Clara in Mon\u00eatier-Les-Bains, Serre-Chevalier<\/p>\t\t\t\t\t\t\t\t<\/div>\n\t\t\t\t<\/div>\n\t\t\t\t<div class=\"elementor-element elementor-element-69a0f0a elementor-align-center elementor-widget elementor-widget-button\" data-id=\"69a0f0a\" data-element_type=\"widget\" data-widget_type=\"button.default\">\n\t\t\t\t<div class=\"elementor-widget-container\">\n\t\t\t\t\t\t\t\t\t<div class=\"elementor-button-wrapper\">\n\t\t\t\t\t<a class=\"elementor-button elementor-button-link elementor-size-sm\" href=\"https:\/\/www.aubergeduchoucas.com\/en\/accommodation\/\">\n\t\t\t\t\t\t<span class=\"elementor-button-content-wrapper\">\n\t\t\t\t\t\t\t\t\t<span class=\"elementor-button-text\">See more<\/span>\n\t\t\t\t\t<\/span>\n\t\t\t\t\t<\/a>\n\t\t\t\t<\/div>\n\t\t\t\t\t\t\t\t<\/div>\n\t\t\t\t<\/div>\n\t\t\t\t\t<\/div>\n\t\t\t\t<\/div>\n\t\t\t\t\t<\/div>\n\t\t\t\t<\/div>\n\t\t\t\t\t<\/div>\n\t\t\t\t<\/div>\n\t\t<div class=\"elementor-element elementor-element-8c82b78 e-flex e-con-boxed e-con e-child\" data-id=\"8c82b78\" data-element_type=\"container\">\n\t\t\t\t\t<div class=\"e-con-inner\">\n\t\t\t\t<div class=\"elementor-element elementor-element-819aa70 animated-slow elementor-invisible elementor-widget elementor-widget-image\" data-id=\"819aa70\" data-element_type=\"widget\" data-settings=\"{&quot;_animation&quot;:&quot;fadeIn&quot;,&quot;_animation_delay&quot;:500}\" data-widget_type=\"image.default\">\n\t\t\t\t<div class=\"elementor-widget-container\">\n\t\t\t\t\t\t\t\t\t\t\t\t\t\t\t\t<a href=\"#\">\n\t\t\t\t\t\t\t<img decoding=\"async\" width=\"1620\" height=\"1080\" src=\"https:\/\/www.aubergeduchoucas.com\/wp-content\/uploads\/2023\/10\/260030_2741_180mp.jpg\" class=\"elementor-animation-sink attachment-full size-full wp-image-3966\" alt=\"\" srcset=\"https:\/\/www.aubergeduchoucas.com\/wp-content\/uploads\/2023\/10\/260030_2741_180mp.jpg 1620w, https:\/\/www.aubergeduchoucas.com\/wp-content\/uploads\/2023\/10\/260030_2741_180mp-300x200.jpg 300w, https:\/\/www.aubergeduchoucas.com\/wp-content\/uploads\/2023\/10\/260030_2741_180mp-1024x683.jpg 1024w, https:\/\/www.aubergeduchoucas.com\/wp-content\/uploads\/2023\/10\/260030_2741_180mp-768x512.jpg 768w, https:\/\/www.aubergeduchoucas.com\/wp-content\/uploads\/2023\/10\/260030_2741_180mp-1536x1024.jpg 1536w, https:\/\/www.aubergeduchoucas.com\/wp-content\/uploads\/2023\/10\/260030_2741_180mp-18x12.jpg 18w\" sizes=\"(max-width: 1620px) 100vw, 1620px\" title=\"\">\t\t\t\t\t\t\t\t<\/a>\n\t\t\t\t\t\t\t\t\t\t\t\t\t\t\t<\/div>\n\t\t\t\t<\/div>\n\t\t<div class=\"elementor-element elementor-element-5103d2b e-flex e-con-boxed e-con e-child\" data-id=\"5103d2b\" data-element_type=\"container\" data-settings=\"{&quot;background_background&quot;:&quot;classic&quot;}\">\n\t\t\t\t\t<div class=\"e-con-inner\">\n\t\t<div class=\"elementor-element elementor-element-6307c76 e-flex e-con-boxed e-con e-child\" data-id=\"6307c76\" data-element_type=\"container\" data-settings=\"{&quot;background_background&quot;:&quot;classic&quot;}\">\n\t\t\t\t\t<div class=\"e-con-inner\">\n\t\t\t\t<div class=\"elementor-element elementor-element-91c65b4 elementor-widget elementor-widget-heading\" data-id=\"91c65b4\" data-element_type=\"widget\" data-widget_type=\"heading.default\">\n\t\t\t\t<div class=\"elementor-widget-container\">\n\t\t\t\t\t<h3 class=\"elementor-heading-title elementor-size-default\">Restaurant<\/h3>\t\t\t\t<\/div>\n\t\t\t\t<\/div>\n\t\t\t\t<div class=\"elementor-element elementor-element-f3da7a0 elementor-widget elementor-widget-text-editor\" data-id=\"f3da7a0\" data-element_type=\"widget\" data-widget_type=\"text-editor.default\">\n\t\t\t\t<div class=\"elementor-widget-container\">\n\t\t\t\t\t\t\t\t\t<p>Gastronomy at the top<\/p>\t\t\t\t\t\t\t\t<\/div>\n\t\t\t\t<\/div>\n\t\t\t\t<div class=\"elementor-element elementor-element-621d4a0 elementor-align-center elementor-widget elementor-widget-button\" data-id=\"621d4a0\" data-element_type=\"widget\" data-widget_type=\"button.default\">\n\t\t\t\t<div class=\"elementor-widget-container\">\n\t\t\t\t\t\t\t\t\t<div class=\"elementor-button-wrapper\">\n\t\t\t\t\t<a class=\"elementor-button elementor-button-link elementor-size-sm\" href=\"https:\/\/www.aubergeduchoucas.com\/en\/restaurant\/\">\n\t\t\t\t\t\t<span class=\"elementor-button-content-wrapper\">\n\t\t\t\t\t\t\t\t\t<span class=\"elementor-button-text\">See more<\/span>\n\t\t\t\t\t<\/span>\n\t\t\t\t\t<\/a>\n\t\t\t\t<\/div>\n\t\t\t\t\t\t\t\t<\/div>\n\t\t\t\t<\/div>\n\t\t\t\t\t<\/div>\n\t\t\t\t<\/div>\n\t\t\t\t\t<\/div>\n\t\t\t\t<\/div>\n\t\t\t\t\t<\/div>\n\t\t\t\t<\/div>\n\t\t\t\t\t<\/div>\n\t\t\t\t<\/div>\n\t\t\t\t\t<\/div>\n\t\t\t\t<\/div>\n\t\t\t\t<\/div>","protected":false},"excerpt":{"rendered":"<p>Activit\u00e9s Le Mon\u00eatier-Les-Bains Charme d&rsquo;un authentique village haut-alpin ayant pr\u00e9serv\u00e9 son architecture, ses traditions, son calme, o\u00f9 il fait bon vivre, respirer l&rsquo;air extraordinairement pur du Brian\u00e7onnais, et se ressourcer aux Grands Bains Thermaux (4500 m\u00b2 d\u00e9di\u00e9s \u00e0 la d\u00e9tente\u00a0: thermes d&rsquo;eau chaude naturelle aux principes actifs (44 \u00b0c), SPA, institut de beaut\u00e9) situ\u00e9s \u00e0 [&hellip;]<\/p>","protected":false},"author":7,"featured_media":0,"parent":0,"menu_order":0,"comment_status":"closed","ping_status":"closed","template":"","meta":{"inline_featured_image":false,"footnotes":""},"class_list":["post-65","page","type-page","status-publish","hentry"],"_links":{"self":[{"href":"https:\/\/www.aubergeduchoucas.com\/en\/wp-json\/wp\/v2\/pages\/65","targetHints":{"allow":["GET"]}}],"collection":[{"href":"https:\/\/www.aubergeduchoucas.com\/en\/wp-json\/wp\/v2\/pages"}],"about":[{"href":"https:\/\/www.aubergeduchoucas.com\/en\/wp-json\/wp\/v2\/types\/page"}],"author":[{"embeddable":true,"href":"https:\/\/www.aubergeduchoucas.com\/en\/wp-json\/wp\/v2\/users\/7"}],"replies":[{"embeddable":true,"href":"https:\/\/www.aubergeduchoucas.com\/en\/wp-json\/wp\/v2\/comments?post=65"}],"version-history":[{"count":314,"href":"https:\/\/www.aubergeduchoucas.com\/en\/wp-json\/wp\/v2\/pages\/65\/revisions"}],"predecessor-version":[{"id":4649,"href":"https:\/\/www.aubergeduchoucas.com\/en\/wp-json\/wp\/v2\/pages\/65\/revisions\/4649"}],"wp:attachment":[{"href":"https:\/\/www.aubergeduchoucas.com\/en\/wp-json\/wp\/v2\/media?parent=65"}],"curies":[{"name":"wp","href":"https:\/\/api.w.org\/{rel}","templated":true}]}}