{"id":63,"date":"2023-06-02T12:13:43","date_gmt":"2023-06-02T10:13:43","guid":{"rendered":"https:\/\/www.aubergeduchoucas.com\/?page_id=63"},"modified":"2025-01-22T15:21:04","modified_gmt":"2025-01-22T14:21:04","slug":"seminars","status":"publish","type":"page","link":"https:\/\/www.aubergeduchoucas.com\/en\/seminars\/","title":{"rendered":"Seminars"},"content":{"rendered":"<div data-elementor-type=\"wp-page\" data-elementor-id=\"63\" class=\"elementor elementor-63\" data-elementor-post-type=\"page\">\n\t\t\t\t<div class=\"elementor-element elementor-element-fccb074 e-con-full e-flex e-con e-parent\" data-id=\"fccb074\" data-element_type=\"container\" id=\"top\" data-settings=\"{&quot;background_background&quot;:&quot;classic&quot;}\">\n\t\t\t\t<div class=\"elementor-element elementor-element-17a1148 elementor-widget elementor-widget-heading\" data-id=\"17a1148\" data-element_type=\"widget\" data-widget_type=\"heading.default\">\n\t\t\t\t<div class=\"elementor-widget-container\">\n\t\t\t\t\t<h1 class=\"elementor-heading-title elementor-size-default\">Seminars<\/h1>\t\t\t\t<\/div>\n\t\t\t\t<\/div>\n\t\t\t\t<\/div>\n\t\t<div class=\"elementor-element elementor-element-aa89559 e-con-full e-flex e-con e-parent\" data-id=\"aa89559\" data-element_type=\"container\" id=\"first-content\" data-settings=\"{&quot;background_background&quot;:&quot;classic&quot;}\">\n\t\t<div class=\"elementor-element elementor-element-00051a1 e-con-full e-flex e-con e-child\" data-id=\"00051a1\" data-element_type=\"container\">\n\t\t\t\t<div class=\"elementor-element elementor-element-29a0bd0 elementor-widget elementor-widget-heading\" data-id=\"29a0bd0\" data-element_type=\"widget\" data-widget_type=\"heading.default\">\n\t\t\t\t<div class=\"elementor-widget-container\">\n\t\t\t\t\t<h2 class=\"elementor-heading-title elementor-size-default\">Seminar in the Alps<\/h2>\t\t\t\t<\/div>\n\t\t\t\t<\/div>\n\t\t\t\t<div class=\"elementor-element elementor-element-926f40b elementor-widget elementor-widget-text-editor\" data-id=\"926f40b\" data-element_type=\"widget\" data-widget_type=\"text-editor.default\">\n\t\t\t\t<div class=\"elementor-widget-container\">\n\t\t\t\t\t\t\t\t\t<p>Are you looking for a seminar room in Serre-Chevalier, in a charming house full of character? Our 4-star hotel in the heart of the village of Mon\u00eatier-les-Bains, ideally located in the resort of Serre-Chevalier, has a fully-equipped room for 20 people.<\/p><p>\u00a0<\/p><p><span style=\"text-decoration: underline;\">Equipment<\/span> :<\/p><p>\u00a0<\/p><ul><li>Flipchart<\/li><li>Widescreen television<\/li><li>DVD player\u00a0<\/li><li>Direct telephone line\u00a0<\/li><li>Wifi access<\/li><\/ul>\t\t\t\t\t\t\t\t<\/div>\n\t\t\t\t<\/div>\n\t\t<div class=\"elementor-element elementor-element-cb557e9 e-con-full button-wrapper e-flex e-con e-child\" data-id=\"cb557e9\" data-element_type=\"container\">\n\t\t\t\t<div class=\"elementor-element elementor-element-403156c elementor-align-center elementor-widget elementor-widget-button\" data-id=\"403156c\" data-element_type=\"widget\" data-widget_type=\"button.default\">\n\t\t\t\t<div class=\"elementor-widget-container\">\n\t\t\t\t\t\t\t\t\t<div class=\"elementor-button-wrapper\">\n\t\t\t\t\t<a class=\"elementor-button elementor-button-link elementor-size-sm\" href=\"https:\/\/www.aubergeduchoucas.com\/en\/activities\/\">\n\t\t\t\t\t\t<span class=\"elementor-button-content-wrapper\">\n\t\t\t\t\t\t\t\t\t<span class=\"elementor-button-text\">Activities<\/span>\n\t\t\t\t\t<\/span>\n\t\t\t\t\t<\/a>\n\t\t\t\t<\/div>\n\t\t\t\t\t\t\t\t<\/div>\n\t\t\t\t<\/div>\n\t\t\t\t<\/div>\n\t\t<div class=\"elementor-element elementor-element-0968413 e-con-full button-wrapper e-flex e-con e-child\" data-id=\"0968413\" data-element_type=\"container\">\n\t\t\t\t<div class=\"elementor-element elementor-element-cce9237 elementor-align-center elementor-widget elementor-widget-button\" data-id=\"cce9237\" data-element_type=\"widget\" data-widget_type=\"button.default\">\n\t\t\t\t<div class=\"elementor-widget-container\">\n\t\t\t\t\t\t\t\t\t<div class=\"elementor-button-wrapper\">\n\t\t\t\t\t<a class=\"elementor-button elementor-button-link elementor-size-sm\" href=\"https:\/\/www.aubergeduchoucas.com\/en\/contact-and-access\/\">\n\t\t\t\t\t\t<span class=\"elementor-button-content-wrapper\">\n\t\t\t\t\t\t\t\t\t<span class=\"elementor-button-text\">Contact &amp; Acc\u00e8s<\/span>\n\t\t\t\t\t<\/span>\n\t\t\t\t\t<\/a>\n\t\t\t\t<\/div>\n\t\t\t\t\t\t\t\t<\/div>\n\t\t\t\t<\/div>\n\t\t\t\t<\/div>\n\t\t\t\t<\/div>\n\t\t<div class=\"elementor-element elementor-element-c0de796 e-con-full e-flex e-con e-child\" data-id=\"c0de796\" data-element_type=\"container\" data-settings=\"{&quot;background_background&quot;:&quot;classic&quot;}\">\n\t\t\t\t<div class=\"elementor-element elementor-element-2a9ee06 elementor-widget__width-initial e-transform elementor-widget elementor-widget-image\" data-id=\"2a9ee06\" data-element_type=\"widget\" data-settings=\"{&quot;_transform_translateX_effect&quot;:{&quot;unit&quot;:&quot;px&quot;,&quot;size&quot;:-100,&quot;sizes&quot;:[]},&quot;_transform_translateX_effect_tablet&quot;:{&quot;unit&quot;:&quot;px&quot;,&quot;size&quot;:0,&quot;sizes&quot;:[]},&quot;_transform_translateX_effect_mobile&quot;:{&quot;unit&quot;:&quot;px&quot;,&quot;size&quot;:0,&quot;sizes&quot;:[]},&quot;_transform_translateY_effect&quot;:{&quot;unit&quot;:&quot;px&quot;,&quot;size&quot;:&quot;&quot;,&quot;sizes&quot;:[]},&quot;_transform_translateY_effect_tablet&quot;:{&quot;unit&quot;:&quot;px&quot;,&quot;size&quot;:&quot;&quot;,&quot;sizes&quot;:[]},&quot;_transform_translateY_effect_mobile&quot;:{&quot;unit&quot;:&quot;px&quot;,&quot;size&quot;:&quot;&quot;,&quot;sizes&quot;:[]}}\" data-widget_type=\"image.default\">\n\t\t\t\t<div class=\"elementor-widget-container\">\n\t\t\t\t\t\t\t\t\t\t\t\t\t\t\t<img fetchpriority=\"high\" decoding=\"async\" width=\"1620\" height=\"1080\" src=\"https:\/\/www.aubergeduchoucas.com\/wp-content\/uploads\/2023\/10\/260030_2741_177mp.jpg\" class=\"attachment-full size-full wp-image-3873\" alt=\"\" srcset=\"https:\/\/www.aubergeduchoucas.com\/wp-content\/uploads\/2023\/10\/260030_2741_177mp.jpg 1620w, https:\/\/www.aubergeduchoucas.com\/wp-content\/uploads\/2023\/10\/260030_2741_177mp-300x200.jpg 300w, https:\/\/www.aubergeduchoucas.com\/wp-content\/uploads\/2023\/10\/260030_2741_177mp-1024x683.jpg 1024w, https:\/\/www.aubergeduchoucas.com\/wp-content\/uploads\/2023\/10\/260030_2741_177mp-768x512.jpg 768w, https:\/\/www.aubergeduchoucas.com\/wp-content\/uploads\/2023\/10\/260030_2741_177mp-1536x1024.jpg 1536w, https:\/\/www.aubergeduchoucas.com\/wp-content\/uploads\/2023\/10\/260030_2741_177mp-18x12.jpg 18w\" sizes=\"(max-width: 1620px) 100vw, 1620px\" title=\"\">\t\t\t\t\t\t\t\t\t\t\t\t\t\t\t<\/div>\n\t\t\t\t<\/div>\n\t\t\t\t<\/div>\n\t\t\t\t<\/div>\n\t\t<div class=\"elementor-element elementor-element-da1ddaa e-flex e-con-boxed e-con e-parent\" data-id=\"da1ddaa\" data-element_type=\"container\" data-settings=\"{&quot;background_background&quot;:&quot;classic&quot;}\">\n\t\t\t\t\t<div class=\"e-con-inner\">\n\t\t\t\t<div class=\"elementor-element elementor-element-a798437 elementor-widget elementor-widget-heading\" data-id=\"a798437\" data-element_type=\"widget\" data-widget_type=\"heading.default\">\n\t\t\t\t<div class=\"elementor-widget-container\">\n\t\t\t\t\t<h2 class=\"elementor-heading-title elementor-size-default\">Discover also<\/h2>\t\t\t\t<\/div>\n\t\t\t\t<\/div>\n\t\t\t\t<div class=\"elementor-element elementor-element-28cc04a elementor-widget-divider--view-line_icon elementor-view-default elementor-widget-divider--element-align-center elementor-widget elementor-widget-global elementor-global-364 elementor-widget-divider\" data-id=\"28cc04a\" data-element_type=\"widget\" data-widget_type=\"divider.default\">\n\t\t\t\t<div class=\"elementor-widget-container\">\n\t\t\t\t\t\t\t<div class=\"elementor-divider\">\n\t\t\t<span class=\"elementor-divider-separator\">\n\t\t\t\t\t\t\t<div class=\"elementor-icon elementor-divider__element\">\n\t\t\t\t\t<i aria-hidden=\"true\" class=\"eliofont eliofont-mountain-nearby\"><\/i><\/div>\n\t\t\t\t\t\t<\/span>\n\t\t<\/div>\n\t\t\t\t\t\t<\/div>\n\t\t\t\t<\/div>\n\t\t<div class=\"elementor-element elementor-element-46f5719 e-flex e-con-boxed e-con e-child\" data-id=\"46f5719\" data-element_type=\"container\">\n\t\t\t\t\t<div class=\"e-con-inner\">\n\t\t<div class=\"elementor-element elementor-element-c8f2f34 e-flex e-con-boxed e-con e-child\" data-id=\"c8f2f34\" data-element_type=\"container\">\n\t\t\t\t\t<div class=\"e-con-inner\">\n\t\t\t\t<div class=\"elementor-element elementor-element-e05ae0d animated-slow elementor-invisible elementor-widget elementor-widget-image\" data-id=\"e05ae0d\" data-element_type=\"widget\" data-settings=\"{&quot;_animation&quot;:&quot;fadeIn&quot;,&quot;_animation_delay&quot;:500}\" data-widget_type=\"image.default\">\n\t\t\t\t<div class=\"elementor-widget-container\">\n\t\t\t\t\t\t\t\t\t\t\t\t\t\t\t\t<a href=\"#\">\n\t\t\t\t\t\t\t<img decoding=\"async\" width=\"1620\" height=\"1080\" src=\"https:\/\/www.aubergeduchoucas.com\/wp-content\/uploads\/2023\/10\/260030_2741_036mp-1.jpg\" class=\"elementor-animation-sink attachment-full size-full wp-image-3933\" alt=\"\" srcset=\"https:\/\/www.aubergeduchoucas.com\/wp-content\/uploads\/2023\/10\/260030_2741_036mp-1.jpg 1620w, https:\/\/www.aubergeduchoucas.com\/wp-content\/uploads\/2023\/10\/260030_2741_036mp-1-300x200.jpg 300w, https:\/\/www.aubergeduchoucas.com\/wp-content\/uploads\/2023\/10\/260030_2741_036mp-1-1024x683.jpg 1024w, https:\/\/www.aubergeduchoucas.com\/wp-content\/uploads\/2023\/10\/260030_2741_036mp-1-768x512.jpg 768w, https:\/\/www.aubergeduchoucas.com\/wp-content\/uploads\/2023\/10\/260030_2741_036mp-1-1536x1024.jpg 1536w, https:\/\/www.aubergeduchoucas.com\/wp-content\/uploads\/2023\/10\/260030_2741_036mp-1-18x12.jpg 18w\" sizes=\"(max-width: 1620px) 100vw, 1620px\" title=\"\">\t\t\t\t\t\t\t\t<\/a>\n\t\t\t\t\t\t\t\t\t\t\t\t\t\t\t<\/div>\n\t\t\t\t<\/div>\n\t\t<div class=\"elementor-element elementor-element-5987f0e e-flex e-con-boxed e-con e-child\" data-id=\"5987f0e\" data-element_type=\"container\" data-settings=\"{&quot;background_background&quot;:&quot;classic&quot;}\">\n\t\t\t\t\t<div class=\"e-con-inner\">\n\t\t<div class=\"elementor-element elementor-element-06c5d17 e-flex e-con-boxed e-con e-child\" data-id=\"06c5d17\" data-element_type=\"container\" data-settings=\"{&quot;background_background&quot;:&quot;classic&quot;}\">\n\t\t\t\t\t<div class=\"e-con-inner\">\n\t\t\t\t<div class=\"elementor-element elementor-element-9e60d18 elementor-widget elementor-widget-heading\" data-id=\"9e60d18\" data-element_type=\"widget\" data-widget_type=\"heading.default\">\n\t\t\t\t<div class=\"elementor-widget-container\">\n\t\t\t\t\t<h3 class=\"elementor-heading-title elementor-size-default\">Accommodation<\/h3>\t\t\t\t<\/div>\n\t\t\t\t<\/div>\n\t\t\t\t<div class=\"elementor-element elementor-element-ee3df6e elementor-widget elementor-widget-text-editor\" data-id=\"ee3df6e\" data-element_type=\"widget\" data-widget_type=\"text-editor.default\">\n\t\t\t\t<div class=\"elementor-widget-container\">\n\t\t\t\t\t\t\t\t\t<p>Discover our rooms and our Chalet Clara in Mon\u00eatier-Les-Bains, Serre-Chevalier<\/p>\t\t\t\t\t\t\t\t<\/div>\n\t\t\t\t<\/div>\n\t\t\t\t<div class=\"elementor-element elementor-element-c561be6 elementor-align-center elementor-widget elementor-widget-button\" data-id=\"c561be6\" data-element_type=\"widget\" data-widget_type=\"button.default\">\n\t\t\t\t<div class=\"elementor-widget-container\">\n\t\t\t\t\t\t\t\t\t<div class=\"elementor-button-wrapper\">\n\t\t\t\t\t<a class=\"elementor-button elementor-button-link elementor-size-sm\" href=\"https:\/\/www.aubergeduchoucas.com\/en\/accommodation\/\">\n\t\t\t\t\t\t<span class=\"elementor-button-content-wrapper\">\n\t\t\t\t\t\t\t\t\t<span class=\"elementor-button-text\">See more<\/span>\n\t\t\t\t\t<\/span>\n\t\t\t\t\t<\/a>\n\t\t\t\t<\/div>\n\t\t\t\t\t\t\t\t<\/div>\n\t\t\t\t<\/div>\n\t\t\t\t\t<\/div>\n\t\t\t\t<\/div>\n\t\t\t\t\t<\/div>\n\t\t\t\t<\/div>\n\t\t\t\t\t<\/div>\n\t\t\t\t<\/div>\n\t\t<div class=\"elementor-element elementor-element-4fd0ac9 e-flex e-con-boxed e-con e-child\" data-id=\"4fd0ac9\" data-element_type=\"container\">\n\t\t\t\t\t<div class=\"e-con-inner\">\n\t\t\t\t<div class=\"elementor-element elementor-element-10be153 animated-slow elementor-invisible elementor-widget elementor-widget-image\" data-id=\"10be153\" data-element_type=\"widget\" data-settings=\"{&quot;_animation&quot;:&quot;fadeIn&quot;,&quot;_animation_delay&quot;:500}\" data-widget_type=\"image.default\">\n\t\t\t\t<div class=\"elementor-widget-container\">\n\t\t\t\t\t\t\t\t\t\t\t\t\t\t\t\t<a href=\"#\">\n\t\t\t\t\t\t\t<img decoding=\"async\" width=\"1620\" height=\"1080\" src=\"https:\/\/www.aubergeduchoucas.com\/wp-content\/uploads\/2023\/10\/260030_2741_162mp.jpg\" class=\"elementor-animation-sink attachment-full size-full wp-image-3932\" alt=\"\" srcset=\"https:\/\/www.aubergeduchoucas.com\/wp-content\/uploads\/2023\/10\/260030_2741_162mp.jpg 1620w, https:\/\/www.aubergeduchoucas.com\/wp-content\/uploads\/2023\/10\/260030_2741_162mp-300x200.jpg 300w, https:\/\/www.aubergeduchoucas.com\/wp-content\/uploads\/2023\/10\/260030_2741_162mp-1024x683.jpg 1024w, https:\/\/www.aubergeduchoucas.com\/wp-content\/uploads\/2023\/10\/260030_2741_162mp-768x512.jpg 768w, https:\/\/www.aubergeduchoucas.com\/wp-content\/uploads\/2023\/10\/260030_2741_162mp-1536x1024.jpg 1536w, https:\/\/www.aubergeduchoucas.com\/wp-content\/uploads\/2023\/10\/260030_2741_162mp-18x12.jpg 18w\" sizes=\"(max-width: 1620px) 100vw, 1620px\" title=\"\">\t\t\t\t\t\t\t\t<\/a>\n\t\t\t\t\t\t\t\t\t\t\t\t\t\t\t<\/div>\n\t\t\t\t<\/div>\n\t\t<div class=\"elementor-element elementor-element-2d0e38e e-flex e-con-boxed e-con e-child\" data-id=\"2d0e38e\" data-element_type=\"container\" data-settings=\"{&quot;background_background&quot;:&quot;classic&quot;}\">\n\t\t\t\t\t<div class=\"e-con-inner\">\n\t\t<div class=\"elementor-element elementor-element-7859988 e-flex e-con-boxed e-con e-child\" data-id=\"7859988\" data-element_type=\"container\" data-settings=\"{&quot;background_background&quot;:&quot;classic&quot;}\">\n\t\t\t\t\t<div class=\"e-con-inner\">\n\t\t\t\t<div class=\"elementor-element elementor-element-53498a0 elementor-widget elementor-widget-heading\" data-id=\"53498a0\" data-element_type=\"widget\" data-widget_type=\"heading.default\">\n\t\t\t\t<div class=\"elementor-widget-container\">\n\t\t\t\t\t<h3 class=\"elementor-heading-title elementor-size-default\">Restaurant<\/h3>\t\t\t\t<\/div>\n\t\t\t\t<\/div>\n\t\t\t\t<div class=\"elementor-element elementor-element-cece5bc elementor-widget elementor-widget-text-editor\" data-id=\"cece5bc\" data-element_type=\"widget\" data-widget_type=\"text-editor.default\">\n\t\t\t\t<div class=\"elementor-widget-container\">\n\t\t\t\t\t\t\t\t\t<p>Gastronomy at the top<\/p>\t\t\t\t\t\t\t\t<\/div>\n\t\t\t\t<\/div>\n\t\t\t\t<div class=\"elementor-element elementor-element-466b05b elementor-align-center elementor-widget elementor-widget-button\" data-id=\"466b05b\" data-element_type=\"widget\" data-widget_type=\"button.default\">\n\t\t\t\t<div class=\"elementor-widget-container\">\n\t\t\t\t\t\t\t\t\t<div class=\"elementor-button-wrapper\">\n\t\t\t\t\t<a class=\"elementor-button elementor-button-link elementor-size-sm\" href=\"https:\/\/www.aubergeduchoucas.com\/en\/restaurant\/\">\n\t\t\t\t\t\t<span class=\"elementor-button-content-wrapper\">\n\t\t\t\t\t\t\t\t\t<span class=\"elementor-button-text\">See more<\/span>\n\t\t\t\t\t<\/span>\n\t\t\t\t\t<\/a>\n\t\t\t\t<\/div>\n\t\t\t\t\t\t\t\t<\/div>\n\t\t\t\t<\/div>\n\t\t\t\t\t<\/div>\n\t\t\t\t<\/div>\n\t\t\t\t\t<\/div>\n\t\t\t\t<\/div>\n\t\t\t\t\t<\/div>\n\t\t\t\t<\/div>\n\t\t<div class=\"elementor-element elementor-element-0a78330 e-flex e-con-boxed e-con e-child\" data-id=\"0a78330\" data-element_type=\"container\">\n\t\t\t\t\t<div class=\"e-con-inner\">\n\t\t\t\t<div class=\"elementor-element elementor-element-d3220b3 animated-slow elementor-invisible elementor-widget elementor-widget-image\" data-id=\"d3220b3\" data-element_type=\"widget\" data-settings=\"{&quot;_animation&quot;:&quot;fadeIn&quot;,&quot;_animation_delay&quot;:500}\" data-widget_type=\"image.default\">\n\t\t\t\t<div class=\"elementor-widget-container\">\n\t\t\t\t\t\t\t\t\t\t\t\t\t\t\t\t<a href=\"#\">\n\t\t\t\t\t\t\t<img loading=\"lazy\" decoding=\"async\" width=\"1041\" height=\"1080\" src=\"https:\/\/www.aubergeduchoucas.com\/wp-content\/uploads\/2023\/10\/essais-kodak-1625s-1.jpg\" class=\"elementor-animation-sink attachment-full size-full wp-image-3935\" alt=\"\" srcset=\"https:\/\/www.aubergeduchoucas.com\/wp-content\/uploads\/2023\/10\/essais-kodak-1625s-1.jpg 1041w, https:\/\/www.aubergeduchoucas.com\/wp-content\/uploads\/2023\/10\/essais-kodak-1625s-1-289x300.jpg 289w, https:\/\/www.aubergeduchoucas.com\/wp-content\/uploads\/2023\/10\/essais-kodak-1625s-1-987x1024.jpg 987w, https:\/\/www.aubergeduchoucas.com\/wp-content\/uploads\/2023\/10\/essais-kodak-1625s-1-768x797.jpg 768w, https:\/\/www.aubergeduchoucas.com\/wp-content\/uploads\/2023\/10\/essais-kodak-1625s-1-12x12.jpg 12w\" sizes=\"(max-width: 1041px) 100vw, 1041px\" title=\"\">\t\t\t\t\t\t\t\t<\/a>\n\t\t\t\t\t\t\t\t\t\t\t\t\t\t\t<\/div>\n\t\t\t\t<\/div>\n\t\t<div class=\"elementor-element elementor-element-22184ff e-flex e-con-boxed e-con e-child\" data-id=\"22184ff\" data-element_type=\"container\" data-settings=\"{&quot;background_background&quot;:&quot;classic&quot;}\">\n\t\t\t\t\t<div class=\"e-con-inner\">\n\t\t<div class=\"elementor-element elementor-element-e6fe222 e-flex e-con-boxed e-con e-child\" data-id=\"e6fe222\" data-element_type=\"container\" data-settings=\"{&quot;background_background&quot;:&quot;classic&quot;}\">\n\t\t\t\t\t<div class=\"e-con-inner\">\n\t\t\t\t<div class=\"elementor-element elementor-element-ca69aa1 elementor-widget elementor-widget-heading\" data-id=\"ca69aa1\" data-element_type=\"widget\" data-widget_type=\"heading.default\">\n\t\t\t\t<div class=\"elementor-widget-container\">\n\t\t\t\t\t<h3 class=\"elementor-heading-title elementor-size-default\">Activities<\/h3>\t\t\t\t<\/div>\n\t\t\t\t<\/div>\n\t\t\t\t<div class=\"elementor-element elementor-element-2ecec20 elementor-widget elementor-widget-text-editor\" data-id=\"2ecec20\" data-element_type=\"widget\" data-widget_type=\"text-editor.default\">\n\t\t\t\t<div class=\"elementor-widget-container\">\n\t\t\t\t\t\t\t\t\t<p>All the activities around the hotel<\/p>\t\t\t\t\t\t\t\t<\/div>\n\t\t\t\t<\/div>\n\t\t\t\t<div class=\"elementor-element elementor-element-36a42ba elementor-align-center elementor-widget elementor-widget-button\" data-id=\"36a42ba\" data-element_type=\"widget\" data-widget_type=\"button.default\">\n\t\t\t\t<div class=\"elementor-widget-container\">\n\t\t\t\t\t\t\t\t\t<div class=\"elementor-button-wrapper\">\n\t\t\t\t\t<a class=\"elementor-button elementor-button-link elementor-size-sm\" href=\"https:\/\/www.aubergeduchoucas.com\/en\/activities\/\">\n\t\t\t\t\t\t<span class=\"elementor-button-content-wrapper\">\n\t\t\t\t\t\t\t\t\t<span class=\"elementor-button-text\">See more<\/span>\n\t\t\t\t\t<\/span>\n\t\t\t\t\t<\/a>\n\t\t\t\t<\/div>\n\t\t\t\t\t\t\t\t<\/div>\n\t\t\t\t<\/div>\n\t\t\t\t\t<\/div>\n\t\t\t\t<\/div>\n\t\t\t\t\t<\/div>\n\t\t\t\t<\/div>\n\t\t\t\t\t<\/div>\n\t\t\t\t<\/div>\n\t\t\t\t\t<\/div>\n\t\t\t\t<\/div>\n\t\t\t\t\t<\/div>\n\t\t\t\t<\/div>\n\t\t\t\t<\/div>","protected":false},"excerpt":{"rendered":"<p>S\u00e9minaires S\u00e9minaire dans les Alpes Vous cherchez une salle de s\u00e9minaire \u00e0 Serre-Chevalier, dans une maison de charme et de caract\u00e8re\u00a0? Notre h\u00f4tel 4 \u00e9toiles au c\u0153ur du village de Mon\u00eatier-les-Bains, id\u00e9alement situ\u00e9 dans la station de Serre-Chevalier, met \u00e0 votre disposition une salle \u00e9quip\u00e9e pouvant accueillir 20 personnes. \u00a0 \u00c9quipement : \u00a0 Paperboard T\u00e9l\u00e9vision [&hellip;]<\/p>","protected":false},"author":7,"featured_media":0,"parent":0,"menu_order":0,"comment_status":"closed","ping_status":"closed","template":"","meta":{"inline_featured_image":false,"footnotes":""},"class_list":["post-63","page","type-page","status-publish","hentry"],"_links":{"self":[{"href":"https:\/\/www.aubergeduchoucas.com\/en\/wp-json\/wp\/v2\/pages\/63","targetHints":{"allow":["GET"]}}],"collection":[{"href":"https:\/\/www.aubergeduchoucas.com\/en\/wp-json\/wp\/v2\/pages"}],"about":[{"href":"https:\/\/www.aubergeduchoucas.com\/en\/wp-json\/wp\/v2\/types\/page"}],"author":[{"embeddable":true,"href":"https:\/\/www.aubergeduchoucas.com\/en\/wp-json\/wp\/v2\/users\/7"}],"replies":[{"embeddable":true,"href":"https:\/\/www.aubergeduchoucas.com\/en\/wp-json\/wp\/v2\/comments?post=63"}],"version-history":[{"count":269,"href":"https:\/\/www.aubergeduchoucas.com\/en\/wp-json\/wp\/v2\/pages\/63\/revisions"}],"predecessor-version":[{"id":4474,"href":"https:\/\/www.aubergeduchoucas.com\/en\/wp-json\/wp\/v2\/pages\/63\/revisions\/4474"}],"wp:attachment":[{"href":"https:\/\/www.aubergeduchoucas.com\/en\/wp-json\/wp\/v2\/media?parent=63"}],"curies":[{"name":"wp","href":"https:\/\/api.w.org\/{rel}","templated":true}]}}