{"id":1003,"date":"2023-07-10T10:03:29","date_gmt":"2023-07-10T08:03:29","guid":{"rendered":"https:\/\/www.aubergeduchoucas.com\/?page_id=1003"},"modified":"2025-12-24T09:49:44","modified_gmt":"2025-12-24T08:49:44","slug":"contact-and-access","status":"publish","type":"page","link":"https:\/\/www.aubergeduchoucas.com\/en\/contact-and-access\/","title":{"rendered":"Contact &amp; Access"},"content":{"rendered":"<div data-elementor-type=\"wp-page\" data-elementor-id=\"1003\" class=\"elementor elementor-1003\" data-elementor-post-type=\"page\">\n\t\t\t\t<div class=\"elementor-element elementor-element-074881a e-con-full e-flex e-con e-parent\" data-id=\"074881a\" data-element_type=\"container\" id=\"top\" data-settings=\"{&quot;background_background&quot;:&quot;classic&quot;}\">\n\t\t\t\t<div class=\"elementor-element elementor-element-e5628e2 elementor-widget elementor-widget-heading\" data-id=\"e5628e2\" data-element_type=\"widget\" data-widget_type=\"heading.default\">\n\t\t\t\t<div class=\"elementor-widget-container\">\n\t\t\t\t\t<h1 class=\"elementor-heading-title elementor-size-default\">Contact &amp; Acc\u00e8s<\/h1>\t\t\t\t<\/div>\n\t\t\t\t<\/div>\n\t\t\t\t<\/div>\n\t\t<div class=\"elementor-element elementor-element-97adf77 e-con-full e-flex e-con e-parent\" data-id=\"97adf77\" data-element_type=\"container\" id=\"first-content\">\n\t\t\t\t<div class=\"elementor-element elementor-element-1035505 elementor-widget elementor-widget-heading\" data-id=\"1035505\" data-element_type=\"widget\" data-widget_type=\"heading.default\">\n\t\t\t\t<div class=\"elementor-widget-container\">\n\t\t\t\t\t<h2 class=\"elementor-heading-title elementor-size-default\">Contact<\/h2>\t\t\t\t<\/div>\n\t\t\t\t<\/div>\n\t\t\t\t<div class=\"elementor-element elementor-element-2d69df9 elementor-widget-divider--view-line_icon elementor-view-default elementor-widget-divider--element-align-center elementor-widget elementor-widget-global elementor-global-364 elementor-widget-divider\" data-id=\"2d69df9\" data-element_type=\"widget\" data-widget_type=\"divider.default\">\n\t\t\t\t<div class=\"elementor-widget-container\">\n\t\t\t\t\t\t\t<div class=\"elementor-divider\">\n\t\t\t<span class=\"elementor-divider-separator\">\n\t\t\t\t\t\t\t<div class=\"elementor-icon elementor-divider__element\">\n\t\t\t\t\t<i aria-hidden=\"true\" class=\"eliofont eliofont-mountain-nearby\"><\/i><\/div>\n\t\t\t\t\t\t<\/span>\n\t\t<\/div>\n\t\t\t\t\t\t<\/div>\n\t\t\t\t<\/div>\n\t\t<div class=\"elementor-element elementor-element-8b9ebac e-flex e-con-boxed e-con e-child\" data-id=\"8b9ebac\" data-element_type=\"container\">\n\t\t\t\t\t<div class=\"e-con-inner\">\n\t\t<div class=\"elementor-element elementor-element-384edfd e-con-full e-flex e-con e-child\" data-id=\"384edfd\" data-element_type=\"container\">\n\t\t\t\t<div class=\"elementor-element elementor-element-a6b8686 elementor-widget elementor-widget-heading\" data-id=\"a6b8686\" data-element_type=\"widget\" data-widget_type=\"heading.default\">\n\t\t\t\t<div class=\"elementor-widget-container\">\n\t\t\t\t\t<h3 class=\"elementor-heading-title elementor-size-default\">Auberge du Choucas<\/h3>\t\t\t\t<\/div>\n\t\t\t\t<\/div>\n\t\t\t\t<div class=\"elementor-element elementor-element-ccee7ca elementor-widget elementor-widget-text-editor\" data-id=\"ccee7ca\" data-element_type=\"widget\" data-widget_type=\"text-editor.default\">\n\t\t\t\t<div class=\"elementor-widget-container\">\n\t\t\t\t\t\t\t\t\t<p>L'Auberge du Choucas ****<br \/>17 rue Fruiti\u00e8re - 05220 Le Mon\u00eatier les Bains - Serre-Chevalier Valley<\/p><p>Tel: <a href=\"tel:0492244273\">+33(0)4 92 24 42 73<\/a><\/p><p><a href=\"mailto:choucas@aubergeduchoucas.com\">choucas@aubergeduchoucas.com<\/a><\/p><p><em><strong>Behind the church, next to the town hall <\/strong><\/em><\/p>\t\t\t\t\t\t\t\t<\/div>\n\t\t\t\t<\/div>\n\t\t<div class=\"elementor-element elementor-element-18b44e6 e-flex e-con-boxed e-con e-child\" data-id=\"18b44e6\" data-element_type=\"container\">\n\t\t\t\t\t<div class=\"e-con-inner\">\n\t\t\t\t<div class=\"elementor-element elementor-element-6003d85 elementor-view-default elementor-widget elementor-widget-icon\" data-id=\"6003d85\" data-element_type=\"widget\" data-widget_type=\"icon.default\">\n\t\t\t\t<div class=\"elementor-widget-container\">\n\t\t\t\t\t\t\t<div class=\"elementor-icon-wrapper\">\n\t\t\t<a class=\"elementor-icon\" href=\"https:\/\/www.facebook.com\/AubergeDuChoucas\/\" target=\"_blank\" rel=\"nofollow noopener\">\n\t\t\t<i aria-hidden=\"true\" class=\"eliofont eliofont-facebook\"><\/i>\t\t\t<\/a>\n\t\t<\/div>\n\t\t\t\t\t\t<\/div>\n\t\t\t\t<\/div>\n\t\t\t\t\t<\/div>\n\t\t\t\t<\/div>\n\t\t<div class=\"elementor-element elementor-element-b303a0a e-flex e-con-boxed e-con e-child\" data-id=\"b303a0a\" data-element_type=\"container\">\n\t\t\t\t\t<div class=\"e-con-inner\">\n\t\t\t\t<div class=\"elementor-element elementor-element-4f60670 elementor-widget elementor-widget-image\" data-id=\"4f60670\" data-element_type=\"widget\" data-widget_type=\"image.default\">\n\t\t\t\t<div class=\"elementor-widget-container\">\n\t\t\t\t\t\t\t\t\t\t\t\t\t\t\t<img decoding=\"async\" width=\"245\" height=\"158\" src=\"https:\/\/www.aubergeduchoucas.com\/wp-content\/uploads\/2023\/10\/Capture2-1.png\" class=\"attachment-large size-large wp-image-4028\" alt=\"\" srcset=\"https:\/\/www.aubergeduchoucas.com\/wp-content\/uploads\/2023\/10\/Capture2-1.png 245w, https:\/\/www.aubergeduchoucas.com\/wp-content\/uploads\/2023\/10\/Capture2-1-18x12.png 18w\" sizes=\"(max-width: 245px) 100vw, 245px\" title=\"\">\t\t\t\t\t\t\t\t\t\t\t\t\t\t\t<\/div>\n\t\t\t\t<\/div>\n\t\t\t\t<div class=\"elementor-element elementor-element-3992906 elementor-widget elementor-widget-image\" data-id=\"3992906\" data-element_type=\"widget\" data-widget_type=\"image.default\">\n\t\t\t\t<div class=\"elementor-widget-container\">\n\t\t\t\t\t\t\t\t\t\t\t\t\t\t\t<img fetchpriority=\"high\" decoding=\"async\" width=\"245\" height=\"232\" src=\"https:\/\/www.aubergeduchoucas.com\/wp-content\/uploads\/2023\/10\/Plan-V2.png\" class=\"attachment-large size-large wp-image-4024\" alt=\"\" srcset=\"https:\/\/www.aubergeduchoucas.com\/wp-content\/uploads\/2023\/10\/Plan-V2.png 245w, https:\/\/www.aubergeduchoucas.com\/wp-content\/uploads\/2023\/10\/Plan-V2-13x12.png 13w\" sizes=\"(max-width: 245px) 100vw, 245px\" title=\"\">\t\t\t\t\t\t\t\t\t\t\t\t\t\t\t<\/div>\n\t\t\t\t<\/div>\n\t\t\t\t\t<\/div>\n\t\t\t\t<\/div>\n\t\t\t\t<\/div>\n\t\t\t\t\t<\/div>\n\t\t\t\t<\/div>\n\t\t\t\t<\/div>\n\t\t<div class=\"elementor-element elementor-element-d2b0dea e-flex e-con-boxed e-con e-parent\" data-id=\"d2b0dea\" data-element_type=\"container\">\n\t\t\t\t\t<div class=\"e-con-inner\">\n\t\t\t\t<div class=\"elementor-element elementor-element-c25b5d5 elementor-widget elementor-widget-heading\" data-id=\"c25b5d5\" data-element_type=\"widget\" data-widget_type=\"heading.default\">\n\t\t\t\t<div class=\"elementor-widget-container\">\n\t\t\t\t\t<h2 class=\"elementor-heading-title elementor-size-default\">How do I get there?<\/h2>\t\t\t\t<\/div>\n\t\t\t\t<\/div>\n\t\t\t\t<div class=\"elementor-element elementor-element-e2aa436 elementor-widget-divider--view-line_icon elementor-view-default elementor-widget-divider--element-align-center elementor-widget elementor-widget-global elementor-global-364 elementor-widget-divider\" data-id=\"e2aa436\" data-element_type=\"widget\" data-widget_type=\"divider.default\">\n\t\t\t\t<div class=\"elementor-widget-container\">\n\t\t\t\t\t\t\t<div class=\"elementor-divider\">\n\t\t\t<span class=\"elementor-divider-separator\">\n\t\t\t\t\t\t\t<div class=\"elementor-icon elementor-divider__element\">\n\t\t\t\t\t<i aria-hidden=\"true\" class=\"eliofont eliofont-mountain-nearby\"><\/i><\/div>\n\t\t\t\t\t\t<\/span>\n\t\t<\/div>\n\t\t\t\t\t\t<\/div>\n\t\t\t\t<\/div>\n\t\t<div class=\"elementor-element elementor-element-541cd4f e-con-full e-flex e-con e-child\" data-id=\"541cd4f\" data-element_type=\"container\">\n\t\t<div class=\"elementor-element elementor-element-f84fe1e e-con-full e-flex e-con e-child\" data-id=\"f84fe1e\" data-element_type=\"container\">\n\t\t\t\t<div class=\"elementor-element elementor-element-fdd4527 elementor-widget__width-initial e-n-tabs-mobile elementor-widget elementor-widget-n-tabs\" data-id=\"fdd4527\" data-element_type=\"widget\" data-widget_type=\"nested-tabs.default\">\n\t\t\t\t<div class=\"elementor-widget-container\">\n\t\t\t\t\t\t\t<div class=\"e-n-tabs\" data-widget-number=\"266159399\" aria-label=\"Onglets. Ouvrez des \u00e9l\u00e9ments avec Enter ou Space, fermez-les avec Escape et naviguez \u00e0 l&#039;aide des touches fl\u00e9ch\u00e9es.\">\n\t\t\t<div class=\"e-n-tabs-heading\" role=\"tablist\">\n\t\t\t\t\t<button id=\"e-n-tab-title-2661593991\" data-tab-title-id=\"e-n-tab-title-2661593991\" class=\"e-n-tab-title\" aria-selected=\"true\" data-tab-index=\"1\" role=\"tab\" tabindex=\"0\" aria-controls=\"e-n-tab-content-2661593991\" style=\"--n-tabs-title-order: 1;\">\n\t\t\t\t\t<span class=\"e-n-tab-icon\">\n\t\t\t<i aria-hidden=\"true\" class=\"eliofont eliofont-car\"><\/i>\t\t\t<i aria-hidden=\"true\" class=\"eliofont eliofont-car\"><\/i>\t\t<\/span>\n\t\t\t\t\t<span class=\"e-n-tab-title-text\">\n\t\t\t\tBy car\t\t\t<\/span>\n\t\t<\/button>\n\t\t\t\t<button id=\"e-n-tab-title-2661593992\" data-tab-title-id=\"e-n-tab-title-2661593992\" class=\"e-n-tab-title\" aria-selected=\"false\" data-tab-index=\"2\" role=\"tab\" tabindex=\"-1\" aria-controls=\"e-n-tab-content-2661593992\" style=\"--n-tabs-title-order: 2;\">\n\t\t\t\t\t<span class=\"e-n-tab-icon\">\n\t\t\t<i aria-hidden=\"true\" class=\"eliofont eliofont-train\"><\/i>\t\t\t<i aria-hidden=\"true\" class=\"eliofont eliofont-train\"><\/i>\t\t<\/span>\n\t\t\t\t\t<span class=\"e-n-tab-title-text\">\n\t\t\t\tBy train\t\t\t<\/span>\n\t\t<\/button>\n\t\t\t\t<button id=\"e-n-tab-title-2661593993\" data-tab-title-id=\"e-n-tab-title-2661593993\" class=\"e-n-tab-title\" aria-selected=\"false\" data-tab-index=\"3\" role=\"tab\" tabindex=\"-1\" aria-controls=\"e-n-tab-content-2661593993\" style=\"--n-tabs-title-order: 3;\">\n\t\t\t\t\t<span class=\"e-n-tab-icon\">\n\t\t\t<i aria-hidden=\"true\" class=\"eliofont eliofont-plane\"><\/i>\t\t\t<i aria-hidden=\"true\" class=\"eliofont eliofont-plane\"><\/i>\t\t<\/span>\n\t\t\t\t\t<span class=\"e-n-tab-title-text\">\n\t\t\t\tBy plane\t\t\t<\/span>\n\t\t<\/button>\n\t\t\t\t\t<\/div>\n\t\t\t<div class=\"e-n-tabs-content\">\n\t\t\t\t<div id=\"e-n-tab-content-2661593991\" role=\"tabpanel\" aria-labelledby=\"e-n-tab-title-2661593991\" data-tab-index=\"1\" style=\"--n-tabs-title-order: 1;\" class=\"e-active elementor-element elementor-element-107f80f e-con-full e-flex e-con e-child\" data-id=\"107f80f\" data-element_type=\"container\" data-settings=\"{&quot;background_background&quot;:&quot;classic&quot;}\">\n\t\t\t\t<div class=\"elementor-element elementor-element-67bd1f3 elementor-widget elementor-widget-text-editor\" data-id=\"67bd1f3\" data-element_type=\"widget\" data-widget_type=\"text-editor.default\">\n\t\t\t\t<div class=\"elementor-widget-container\">\n\t\t\t\t\t\t\t\t\t<p>Access by car is very easy via the church square (we are 20 m from the square). You can park in front of the hotel to unload your luggage and even stay there (2 spaces), or park around the church or in a nearby car park (80 m).<\/p><p><br \/>RN 1091 Grenoble Brian\u00e7on Turin\u00a0<br \/>\"Route des Grandes Alpes<\/p><p><br \/>GPS coordinates<\/p><p>Lat.: 44\u00b0 58' 36''<br \/>Length: 06\u00b0 30\u2032 29 \"<\/p>\t\t\t\t\t\t\t\t<\/div>\n\t\t\t\t<\/div>\n\t\t\t\t<\/div>\n\t\t<div id=\"e-n-tab-content-2661593992\" role=\"tabpanel\" aria-labelledby=\"e-n-tab-title-2661593992\" data-tab-index=\"2\" style=\"--n-tabs-title-order: 2;\" class=\"elementor-element elementor-element-47107c9 e-con-full e-flex e-con e-child\" data-id=\"47107c9\" data-element_type=\"container\" data-settings=\"{&quot;background_background&quot;:&quot;classic&quot;}\">\n\t\t\t\t<div class=\"elementor-element elementor-element-689317f elementor-widget elementor-widget-text-editor\" data-id=\"689317f\" data-element_type=\"widget\" data-widget_type=\"text-editor.default\">\n\t\t\t\t<div class=\"elementor-widget-container\">\n\t\t\t\t\t\t\t\t\t<p>Brian\u00e7on station (14km)<\/p><p>Oulx TGV station, Italy (45km)<\/p><p>Grenoble station (100km)<\/p>\t\t\t\t\t\t\t\t<\/div>\n\t\t\t\t<\/div>\n\t\t\t\t<\/div>\n\t\t<div id=\"e-n-tab-content-2661593993\" role=\"tabpanel\" aria-labelledby=\"e-n-tab-title-2661593993\" data-tab-index=\"3\" style=\"--n-tabs-title-order: 3;\" class=\"elementor-element elementor-element-778bbab e-con-full e-flex e-con e-child\" data-id=\"778bbab\" data-element_type=\"container\" data-settings=\"{&quot;background_background&quot;:&quot;classic&quot;}\">\n\t\t\t\t<div class=\"elementor-element elementor-element-9626e26 elementor-widget elementor-widget-text-editor\" data-id=\"9626e26\" data-element_type=\"widget\" data-widget_type=\"text-editor.default\">\n\t\t\t\t<div class=\"elementor-widget-container\">\n\t\t\t\t\t\t\t\t\t<p>Turin Caselle airport (120 km)<\/p><p>Grenoble-Is\u00e8re airport (150 km)<\/p><p>Chamb\u00e9ry-Savoie airport (165km)<\/p><p>Lyon-Saint Exup\u00e9ry airport (190 km)<\/p>\t\t\t\t\t\t\t\t<\/div>\n\t\t\t\t<\/div>\n\t\t\t\t<\/div>\n\t\t\t\t\t<\/div>\n\t\t<\/div>\n\t\t\t\t\t\t<\/div>\n\t\t\t\t<\/div>\n\t\t\t\t<\/div>\n\t\t\t\t<\/div>\n\t\t\t\t\t<\/div>\n\t\t\t\t<\/div>\n\t\t\t\t<\/div>","protected":false},"excerpt":{"rendered":"<p>Contact &amp; Acc\u00e8s Contact Auberge du Choucas L&rsquo;Auberge du Choucas ****17 rue Fruiti\u00e8re &#8211; 05220 Le Mon\u00eatier les Bains &#8211; Serre-Chevalier Vall\u00e9e T\u00e9l : +33(0)4 92 24 42 73 choucas@aubergeduchoucas.com Derri\u00e8re l\u2019\u00e9glise, \u00e0 c\u00f4t\u00e9 de la mairie Comment venir ? En voiture En train En avion L\u2019acc\u00e8s en voiture est tr\u00e8s facile par la place [&hellip;]<\/p>","protected":false},"author":13,"featured_media":0,"parent":0,"menu_order":0,"comment_status":"closed","ping_status":"closed","template":"","meta":{"inline_featured_image":false,"footnotes":""},"class_list":["post-1003","page","type-page","status-publish","hentry"],"_links":{"self":[{"href":"https:\/\/www.aubergeduchoucas.com\/en\/wp-json\/wp\/v2\/pages\/1003","targetHints":{"allow":["GET"]}}],"collection":[{"href":"https:\/\/www.aubergeduchoucas.com\/en\/wp-json\/wp\/v2\/pages"}],"about":[{"href":"https:\/\/www.aubergeduchoucas.com\/en\/wp-json\/wp\/v2\/types\/page"}],"author":[{"embeddable":true,"href":"https:\/\/www.aubergeduchoucas.com\/en\/wp-json\/wp\/v2\/users\/13"}],"replies":[{"embeddable":true,"href":"https:\/\/www.aubergeduchoucas.com\/en\/wp-json\/wp\/v2\/comments?post=1003"}],"version-history":[{"count":143,"href":"https:\/\/www.aubergeduchoucas.com\/en\/wp-json\/wp\/v2\/pages\/1003\/revisions"}],"predecessor-version":[{"id":4682,"href":"https:\/\/www.aubergeduchoucas.com\/en\/wp-json\/wp\/v2\/pages\/1003\/revisions\/4682"}],"wp:attachment":[{"href":"https:\/\/www.aubergeduchoucas.com\/en\/wp-json\/wp\/v2\/media?parent=1003"}],"curies":[{"name":"wp","href":"https:\/\/api.w.org\/{rel}","templated":true}]}}